{"id":89,"date":"2015-10-02T22:40:58","date_gmt":"2015-10-02T19:40:58","guid":{"rendered":"http:\/\/mindmaster.fi\/wp\/?page_id=89"},"modified":"2018-01-14T17:48:29","modified_gmt":"2018-01-14T15:48:29","slug":"kirjat-ja-lataukset","status":"publish","type":"page","link":"https:\/\/mindmaster.fi\/en\/kirjat-ja-lataukset\/","title":{"rendered":"Kirjat ja lataukset"},"content":{"rendered":"<p>Ensimm\u00e4inen\u00a0tekstikirjani kertoo matkasta sis\u00e4lle itseen. Se on alkutaivalta kipuineen ja oivalluksineen.<br \/>\nSe kertoo mieleen hukkumisesta sek\u00e4 havainnoista, mik\u00e4 ihmisen k\u00e4rsimyksen ja tyytym\u00e4tt\u00f6myyden aiheuttaa.<br \/>\nSielt\u00e4 l\u00f6ytyy apuja mielen harhan tunnistamiseen sek\u00e4 kuvauksia kuinka\u00a0ego-mieli k\u00e4\u00e4nt\u00e4\u00e4 kaiken p\u00e4invastaisekseen.<br \/>\nKirjoitin sen itselleni ja kirjasta oli jo kustannussopimus, mutta p\u00e4\u00e4tin julkaista sen kaikkien saataville\u00a0 vapaasti ladattavassa pdf -muodossa. Uskon, ett\u00e4 se l\u00f6yt\u00e4\u00e4 tiens\u00e4 heille, ketk\u00e4 siit\u00e4 mahdollisesti saavat\u00a0 vinkkej\u00e4 omaan matkaansa. Henkinen matka ei ole helppo ja p\u00e4\u00e4osin kirjat perustuvat n\u00e4k\u00f6kulmaan,<br \/>\nkun matka on jo tehty ja her\u00e4\u00e4minen tapahtunut. T\u00e4m\u00e4 kertoo itse prosessista ja mahdollisista havainnoista ja\u00a0 apuv\u00e4lineist\u00e4 jakautuneen mielen tunnistamiseen ja el\u00e4m\u00e4n uudelleentulkintaan.<\/p>\n<p>Olen my\u00f6s kiitollinen kaikesta palautteesta jota voi l\u00e4hett\u00e4\u00e4 osoitteeseen posti(at)mindmaster.fi tai Facebookin <a href=\"https:\/\/www.facebook.com\/MindSeekersOy\" target=\"_blank\">MindMaster<\/a> sivun kautta tai sivuston palautelomakkeen kautta. Kommentoinnin olen poistanut k\u00e4yt\u00f6st\u00e4 sill\u00e4 sinne ilmestyi kymmeni\u00e4 tuhansia roskaposteja. Ei suotimet toimineet \ud83d\ude42<\/p>\n<p>Mik\u00e4li haluat tehd\u00e4 lahjoituksen kirjasta, voit laittaa sen tilille:<br \/>\nMila Bostr\u00f6m FI71 1215 3500 002517<\/p>\n<p><a href=\"http:\/\/mindmaster.fi\/wp\/wp-content\/uploads\/2016\/10\/KohtiMin\u00e4t\u00f6nt\u00e4Menoa.pdf\" target=\"_blank\">Lataa kirja pdf -muodossa t\u00e4st\u00e4 tai klikkaamalla alla olevaa kuvaa<\/a>.<br \/>\nPC:ll\u00e4 klikkaa hiiren oikeanpuoleista painiketta ja valitse &#8220;tallenna kohde nimell\u00e4&#8221; ja valitse minne haluat tiedoston tallentaa omalle koneellesi.<\/p>\n<p><a href=\"http:\/\/mindmaster.fi\/wp\/wp-content\/uploads\/2016\/10\/KohtiMin\u00e4t\u00f6nt\u00e4Menoa.pdf\" target=\"_blank\"><img fetchpriority=\"high\" decoding=\"async\" class=\"alignnone wp-image-246 size-medium\" src=\"http:\/\/mindmaster.fi\/wp\/wp-content\/uploads\/2016\/10\/KohtiMin\u00e4t\u00f6nt\u00e4MenoaKansi-225x300.jpg\" width=\"225\" height=\"300\" srcset=\"https:\/\/mindmaster.fi\/wp\/wp-content\/uploads\/2016\/10\/KohtiMin\u00e4t\u00f6nt\u00e4MenoaKansi-225x300.jpg 225w, https:\/\/mindmaster.fi\/wp\/wp-content\/uploads\/2016\/10\/KohtiMin\u00e4t\u00f6nt\u00e4MenoaKansi-768x1024.jpg 768w, https:\/\/mindmaster.fi\/wp\/wp-content\/uploads\/2016\/10\/KohtiMin\u00e4t\u00f6nt\u00e4MenoaKansi-113x150.jpg 113w, https:\/\/mindmaster.fi\/wp\/wp-content\/uploads\/2016\/10\/KohtiMin\u00e4t\u00f6nt\u00e4MenoaKansi.jpg 930w\" sizes=\"(max-width: 225px) 100vw, 225px\" \/><\/a><\/p>\n<h4>\u00a0Kirja on 184 sivuinen pokkarikoossa.<\/h4>\n<p><span style=\"color: #333399;\">Palautteita kirjasta:<\/span><\/p>\n<p><span style=\"color: #333399;\">&#8220;Luin kirjan ja sitten luetutin\u00a0mun tytt\u00f6yst\u00e4v\u00e4ll\u00e4 ja sitten mun parhaalla yst\u00e4v\u00e4ll\u00e4ni ja sitten viel\u00e4 ex\u00e4ll\u00e4ni. Kaikki ovat olleet ihan fileiss\u00e4 siit\u00e4. It is a HELL OF A BOOK!<\/span><br \/>\n<span style=\"color: #333399;\">Eip\u00e4 tule ihan heti mieleen kirjaa jolla olisi ollut noin v\u00e4ist\u00e4m\u00e4t\u00f6n ja akuutti vaikutus el\u00e4m\u00e4\u00e4n.&#8221; ~Er\u00e4s mies~<\/span><\/p>\n<p><span style=\"color: #333399;\">&#8220;Kiitos paljon kirjasta, jonka olet kirjoittanut. Selkeytt\u00e4\u00e4 omaa ajattelua kovasti ja tuntuu jo nyt olevan itselleni kirja, joka kuuluu ryhm\u00e4\u00e4n merkitykselliset kirjat! Kiitos, kiitos, kiitos!&#8221; ~Er\u00e4s nainen~<\/span><\/p>\n<p><span style=\"color: #333399;\">&#8220;Hei Mila, latasin kirjasi toissa p\u00e4iv\u00e4n\u00e4. Olen lukenut paljon alan julkaisuja ja olen kiinnostunut kehitt\u00e4m\u00e4\u00e4n itse\u00e4ni. Mutta vasta t\u00e4\u00e4 SUN kirjasi her\u00e4tti LOPULLISESTI. Voi kuulostaa hullulta, mutta m\u00e4 aloin ITKEM\u00c4\u00c4N, kun luin osuuden peilaamisesta: nyt saatan tiet\u00e4\u00e4 jotain siit\u00e4, milt\u00e4 tuntuu, kun tulee uskoon. Sun teksti upposi kerta kaikkiaan mulle t\u00e4ysin ja mik\u00e4\u00e4n ei tule en\u00e4\u00e4 olemaan samoin. KIITOS sulle kirjastasi. Laitoin pienen lahjoituksen ja toivottavasti muutkin tekee niin ja ennen kaikkea lukevat kirjasi <3. S\u00c4 luultavasti muutit mun el\u00e4m\u00e4n ja olen siit\u00e4 ikuisesti kiitollinen. Toivottavasti t\u00e4m\u00e4 ei nyt kuulosta yliampuvalta, mutta en vain ole koskaan kokenut mit\u00e4\u00e4n vastaavaa \"her\u00e4\u00e4mist\u00e4\" ~Er\u00e4s nainen~<\/span><\/p>\n<p>Olen kiitollinen kaikista palautteista. My\u00f6s rakentava kritiikki on tervetullutta. Vuorovaikutuksesta ja kommunikoinnista oppii parhaiten. Olen iki onnellinen, ett\u00e4 olen voinut koskettaa edes muutamaa el\u00e4m\u00e4\u00e4 <3 ~Mila~\n\n\n<div><\/div>\n<div>\u00a0&#8212;&#8212;&#8212;&#8212;&#8212;&#8212;&#8212;&#8212;&#8212;&#8212;&#8212;&#8212;&#8212;&#8212;&#8212;&#8212;&#8212;&#8212;&#8212;&#8212;&#8212;&#8212;&#8212;&#8212;&#8212;&#8212;&#8212;&#8212;&#8212;&#8212;&#8212;&#8212;&#8212;&#8212;&#8212;&#8212;&#8212;&#8212;&#8212;&#8212;&#8212;&#8211;<\/div>\n<div><\/div>\n<div><\/div>\n<h4>Ensimm\u00e4inen kirjani oli v\u00e4rityskirja &#8220;Meditoi V\u00e4ritt\u00e4en&#8221;.<\/h4>\n<p>Rakastan v\u00e4rej\u00e4 ja halusin tehd\u00e4 kirjan, jota voi v\u00e4ritt\u00e4\u00e4 my\u00f6s huopakynill\u00e4, jotta kirkkaat v\u00e4rit<br \/>\nsaadaan hyvin esille. Kuvat on my\u00f6s painettu vain sivun toiselle puolelle, joten voit irrottaa<br \/>\nvalmiin sivun ja laittaa sen vaikkapa johonkin esille pirist\u00e4m\u00e4\u00e4n p\u00e4iv\u00e4\u00e4si.<\/p>\n<p>Sis\u00e4ll\u00f6n olen piirt\u00e4nyt intuitiivisesti ja antanut muotojen ja yksityiskohtien vain rakentua<br \/>\nkyn\u00e4n kautta paperille ty\u00f6n edetess\u00e4. Se on ollut oma keinoni hakea rauhaa ja harmoniaa.<br \/>\nKirja sis\u00e4lt\u00e4\u00e4 my\u00f6s joukon jokap\u00e4iv\u00e4iseen el\u00e4m\u00e4\u00e4n sopivia keskittymisharjoituksia, joista<br \/>\nvoit poimia parhaiten itsellesi sopivan tai luoda t\u00e4ysin omasi.<br \/>\nSe julkaistiin <strong>Helsingin Kirjamessuille 22-25.10.2015<\/strong>.<br \/>\nKirja\u00a0kuuluu Basam Booksin Viisas el\u00e4m\u00e4 -sarjaan.<\/p>\n<p><img decoding=\"async\" class=\"alignnone wp-image-148 size-medium\" src=\"http:\/\/mindmaster.fi\/wp\/wp-content\/uploads\/2015\/10\/MeditoiV\u00e4ritt\u00e4en-212x300.jpg\" alt=\"Meditoi V\u00e4ritt\u00e4en\" width=\"212\" height=\"300\" srcset=\"https:\/\/mindmaster.fi\/wp\/wp-content\/uploads\/2015\/10\/MeditoiV\u00e4ritt\u00e4en-212x300.jpg 212w, https:\/\/mindmaster.fi\/wp\/wp-content\/uploads\/2015\/10\/MeditoiV\u00e4ritt\u00e4en-106x150.jpg 106w, https:\/\/mindmaster.fi\/wp\/wp-content\/uploads\/2015\/10\/MeditoiV\u00e4ritt\u00e4en.jpg 250w\" sizes=\"(max-width: 212px) 100vw, 212px\" \/> <img decoding=\"async\" class=\"alignnone size-medium wp-image-149\" src=\"http:\/\/mindmaster.fi\/wp\/wp-content\/uploads\/2015\/10\/MeditoiV\u00e4ritt\u00e4enTakakansi-212x300.jpg\" alt=\"Meditoi V\u00e4ritt\u00e4en takakansi\" width=\"212\" height=\"300\" srcset=\"https:\/\/mindmaster.fi\/wp\/wp-content\/uploads\/2015\/10\/MeditoiV\u00e4ritt\u00e4enTakakansi-212x300.jpg 212w, https:\/\/mindmaster.fi\/wp\/wp-content\/uploads\/2015\/10\/MeditoiV\u00e4ritt\u00e4enTakakansi-106x150.jpg 106w, https:\/\/mindmaster.fi\/wp\/wp-content\/uploads\/2015\/10\/MeditoiV\u00e4ritt\u00e4enTakakansi.jpg 250w\" sizes=\"(max-width: 212px) 100vw, 212px\" \/> <img loading=\"lazy\" decoding=\"async\" class=\"alignnone size-medium wp-image-150\" src=\"http:\/\/mindmaster.fi\/wp\/wp-content\/uploads\/2015\/10\/Sivut-240x300.jpg\" alt=\"Meditoi v\u00e4ritt\u00e4en sis\u00e4sivut\" width=\"240\" height=\"300\" srcset=\"https:\/\/mindmaster.fi\/wp\/wp-content\/uploads\/2015\/10\/Sivut-240x300.jpg 240w, https:\/\/mindmaster.fi\/wp\/wp-content\/uploads\/2015\/10\/Sivut-120x150.jpg 120w, https:\/\/mindmaster.fi\/wp\/wp-content\/uploads\/2015\/10\/Sivut.jpg 250w\" sizes=\"(max-width: 240px) 100vw, 240px\" \/><\/p>\n<p>Kirja\u00a0tilattavissa:<\/p>\n<p><a href=\"http:\/\/www.basambooks.com\/kirja\/978-952-260-464-4\/meditoi-varittaen\/\" target=\"_blank\">http:\/\/www.basambooks.com\/kirja\/978-952-260-464-4\/meditoi-varittaen\/<\/a><\/p>\n<p>__________________________________________________________________<\/p>\n<p>&nbsp;<\/p>\n<p>&nbsp;<\/p>\nSeuraa:  <span class=\"synved-social-container synved-social-container-follow\"><a class=\"synved-social-button synved-social-button-follow synved-social-size-24 synved-social-resolution-single synved-social-provider-facebook nolightbox\" data-provider=\"facebook\" target=\"_blank\" rel=\"nofollow\" title=\"Seuraa Facebookissa\" href=\"https:\/\/www.facebook.com\/653561754697779\" style=\"font-size: 0px;width:24px;height:24px;margin:0;margin-bottom:5px;margin-right:5px\"><img loading=\"lazy\" decoding=\"async\" alt=\"Facebook\" title=\"Seuraa Facebookissa\" class=\"synved-share-image synved-social-image synved-social-image-follow\" width=\"24\" height=\"24\" style=\"display: inline;width:24px;height:24px;margin: 0;padding: 0;border: none;box-shadow: none\" src=\"https:\/\/mindmaster.fi\/wp\/wp-content\/plugins\/social-media-feather\/synved-social\/image\/social\/regular\/48x48\/facebook.png\" \/><\/a><a class=\"synved-social-button synved-social-button-follow synved-social-size-24 synved-social-resolution-single synved-social-provider-twitter nolightbox\" data-provider=\"twitter\" target=\"_blank\" rel=\"nofollow\" title=\"Seuraa Twitteriss\u00e4\" href=\"https:\/\/twitter.com\/milabostrom\" style=\"font-size: 0px;width:24px;height:24px;margin:0;margin-bottom:5px;margin-right:5px\"><img loading=\"lazy\" decoding=\"async\" alt=\"twitter\" title=\"Seuraa Twitteriss\u00e4\" class=\"synved-share-image synved-social-image synved-social-image-follow\" width=\"24\" height=\"24\" style=\"display: inline;width:24px;height:24px;margin: 0;padding: 0;border: none;box-shadow: none\" src=\"https:\/\/mindmaster.fi\/wp\/wp-content\/plugins\/social-media-feather\/synved-social\/image\/social\/regular\/48x48\/twitter.png\" \/><\/a><a class=\"synved-social-button synved-social-button-follow synved-social-size-24 synved-social-resolution-single synved-social-provider-linkedin nolightbox\" data-provider=\"linkedin\" target=\"_blank\" rel=\"nofollow\" title=\"Seuraa LinkedIn\" href=\"http:\/\/linkedin.com\/in\/mila-bostrom-a371262\" style=\"font-size: 0px;width:24px;height:24px;margin:0;margin-bottom:5px;margin-right:5px\"><img loading=\"lazy\" decoding=\"async\" alt=\"linkedin\" title=\"Seuraa LinkedIn\" class=\"synved-share-image synved-social-image synved-social-image-follow\" width=\"24\" height=\"24\" style=\"display: inline;width:24px;height:24px;margin: 0;padding: 0;border: none;box-shadow: none\" src=\"https:\/\/mindmaster.fi\/wp\/wp-content\/plugins\/social-media-feather\/synved-social\/image\/social\/regular\/48x48\/linkedin.png\" \/><\/a><a class=\"synved-social-button synved-social-button-follow synved-social-size-24 synved-social-resolution-single synved-social-provider-youtube nolightbox\" data-provider=\"youtube\" target=\"_blank\" rel=\"nofollow\" title=\"Kanava YouTubessa\" href=\"https:\/\/www.youtube.com\/channel\/UC6NQk67xiZcfCKWf3OVxuyg\" style=\"font-size: 0px;width:24px;height:24px;margin:0;margin-bottom:5px;margin-right:5px\"><img loading=\"lazy\" decoding=\"async\" alt=\"youtube\" title=\"Kanava YouTubessa\" class=\"synved-share-image synved-social-image synved-social-image-follow\" width=\"24\" height=\"24\" style=\"display: inline;width:24px;height:24px;margin: 0;padding: 0;border: none;box-shadow: none\" src=\"https:\/\/mindmaster.fi\/wp\/wp-content\/plugins\/social-media-feather\/synved-social\/image\/social\/regular\/48x48\/youtube.png\" \/><\/a><a class=\"synved-social-button synved-social-button-follow synved-social-size-24 synved-social-resolution-single synved-social-provider-instagram nolightbox\" data-provider=\"instagram\" target=\"_blank\" rel=\"nofollow\" title=\"Seuraa Instagramissa\" href=\"http:\/\/instagram.com\/milabos\" style=\"font-size: 0px;width:24px;height:24px;margin:0;margin-bottom:5px\"><img loading=\"lazy\" decoding=\"async\" alt=\"instagram\" title=\"Seuraa Instagramissa\" class=\"synved-share-image synved-social-image synved-social-image-follow\" width=\"24\" height=\"24\" style=\"display: inline;width:24px;height:24px;margin: 0;padding: 0;border: none;box-shadow: none\" src=\"https:\/\/mindmaster.fi\/wp\/wp-content\/plugins\/social-media-feather\/synved-social\/image\/social\/regular\/48x48\/instagram.png\" \/><\/a><\/span><br\/>Jaa:  <span class=\"synved-social-container synved-social-container-share\"><a class=\"synved-social-button synved-social-button-share synved-social-size-24 synved-social-resolution-single synved-social-provider-facebook nolightbox\" data-provider=\"facebook\" target=\"_blank\" rel=\"nofollow\" title=\"Jaa Facebookissa\" href=\"https:\/\/www.facebook.com\/sharer.php?u=https%3A%2F%2Fmindmaster.fi%2Fen&#038;t=Kirjat%20ja%20lataukset&#038;s=100&#038;p&#091;url&#093;=https%3A%2F%2Fmindmaster.fi%2Fen&#038;p&#091;images&#093;&#091;0&#093;=http%3A%2F%2Fmindmaster.fi%2Fwp%2Fwp-content%2Fuploads%2F2016%2F10%2FKohtiMin%C3%A4t%C3%B6nt%C3%A4MenoaKansi-225x300.jpg&#038;p&#091;title&#093;=Kirjat%20ja%20lataukset\" style=\"font-size: 0px;width:24px;height:24px;margin:0;margin-bottom:5px;margin-right:5px\"><img loading=\"lazy\" decoding=\"async\" alt=\"Facebook\" title=\"Jaa Facebookissa\" class=\"synved-share-image synved-social-image synved-social-image-share\" width=\"24\" height=\"24\" style=\"display: inline;width:24px;height:24px;margin: 0;padding: 0;border: none;box-shadow: none\" src=\"https:\/\/mindmaster.fi\/wp\/wp-content\/plugins\/social-media-feather\/synved-social\/image\/social\/regular\/48x48\/facebook.png\" \/><\/a><a class=\"synved-social-button synved-social-button-share synved-social-size-24 synved-social-resolution-single synved-social-provider-twitter nolightbox\" data-provider=\"twitter\" target=\"_blank\" rel=\"nofollow\" title=\"Share on Twitter\" href=\"https:\/\/twitter.com\/intent\/tweet?url=https%3A%2F%2Fmindmaster.fi%2Fen&#038;text=MindMaster%20jakaa\" style=\"font-size: 0px;width:24px;height:24px;margin:0;margin-bottom:5px;margin-right:5px\"><img loading=\"lazy\" decoding=\"async\" alt=\"twitter\" title=\"Share on Twitter\" class=\"synved-share-image synved-social-image synved-social-image-share\" width=\"24\" height=\"24\" style=\"display: inline;width:24px;height:24px;margin: 0;padding: 0;border: none;box-shadow: none\" src=\"https:\/\/mindmaster.fi\/wp\/wp-content\/plugins\/social-media-feather\/synved-social\/image\/social\/regular\/48x48\/twitter.png\" \/><\/a><a class=\"synved-social-button synved-social-button-share synved-social-size-24 synved-social-resolution-single synved-social-provider-linkedin nolightbox\" data-provider=\"linkedin\" target=\"_blank\" rel=\"nofollow\" title=\"Jaa LinkedIn\" href=\"https:\/\/www.linkedin.com\/shareArticle?mini=true&#038;url=https%3A%2F%2Fmindmaster.fi%2Fen&#038;title=Kirjat%20ja%20lataukset\" style=\"font-size: 0px;width:24px;height:24px;margin:0;margin-bottom:5px;margin-right:5px\"><img loading=\"lazy\" decoding=\"async\" alt=\"linkedin\" title=\"Jaa LinkedIn\" class=\"synved-share-image synved-social-image synved-social-image-share\" width=\"24\" height=\"24\" style=\"display: inline;width:24px;height:24px;margin: 0;padding: 0;border: none;box-shadow: none\" src=\"https:\/\/mindmaster.fi\/wp\/wp-content\/plugins\/social-media-feather\/synved-social\/image\/social\/regular\/48x48\/linkedin.png\" \/><\/a><a class=\"synved-social-button synved-social-button-share synved-social-size-24 synved-social-resolution-single synved-social-provider-mail nolightbox\" data-provider=\"mail\" rel=\"nofollow\" title=\"Jaa s\u00e4hk\u00f6postitse\" href=\"mailto:?subject=Kirjat%20ja%20lataukset&#038;body=MindMaster%20jakaa:%20https%3A%2F%2Fmindmaster.fi%2Fen\" style=\"font-size: 0px;width:24px;height:24px;margin:0;margin-bottom:5px\"><img loading=\"lazy\" decoding=\"async\" alt=\"mail\" title=\"Jaa s\u00e4hk\u00f6postitse\" class=\"synved-share-image synved-social-image synved-social-image-share\" width=\"24\" height=\"24\" style=\"display: inline;width:24px;height:24px;margin: 0;padding: 0;border: none;box-shadow: none\" src=\"https:\/\/mindmaster.fi\/wp\/wp-content\/plugins\/social-media-feather\/synved-social\/image\/social\/regular\/48x48\/mail.png\" \/><\/a><\/span>","protected":false},"excerpt":{"rendered":"<p>Ensimm\u00e4inen\u00a0tekstikirjani kertoo matkasta sis\u00e4lle itseen. Se on alkutaivalta kipuineen ja oivalluksineen. Se kertoo mieleen hukkumisesta sek\u00e4 havainnoista, mik\u00e4 ihmisen k\u00e4rsimyksen ja tyytym\u00e4tt\u00f6myyden aiheuttaa. Sielt\u00e4 l\u00f6ytyy apuja mielen harhan tunnistamiseen sek\u00e4 kuvauksia kuinka\u00a0ego-mieli k\u00e4\u00e4nt\u00e4\u00e4 kaiken p\u00e4invastaisekseen. Kirjoitin sen itselleni ja kirjasta oli jo kustannussopimus, mutta p\u00e4\u00e4tin julkaista sen kaikkien saataville\u00a0 vapaasti \u2026 <a class=\"continue-reading-link\" href=\"https:\/\/mindmaster.fi\/en\/kirjat-ja-lataukset\/\">Lue lis\u00e4\u00e4&#8230; <span class=\"meta-nav\">&rarr; <\/span><\/a><\/p>\n","protected":false},"author":1,"featured_media":0,"parent":0,"menu_order":0,"comment_status":"closed","ping_status":"closed","template":"","meta":{"spay_email":"","footnotes":""},"categories":[31],"tags":[],"class_list":["post-89","page","type-page","status-publish","hentry","category-mindmaster"],"_links":{"self":[{"href":"https:\/\/mindmaster.fi\/en\/wp-json\/wp\/v2\/pages\/89","targetHints":{"allow":["GET"]}}],"collection":[{"href":"https:\/\/mindmaster.fi\/en\/wp-json\/wp\/v2\/pages"}],"about":[{"href":"https:\/\/mindmaster.fi\/en\/wp-json\/wp\/v2\/types\/page"}],"author":[{"embeddable":true,"href":"https:\/\/mindmaster.fi\/en\/wp-json\/wp\/v2\/users\/1"}],"replies":[{"embeddable":true,"href":"https:\/\/mindmaster.fi\/en\/wp-json\/wp\/v2\/comments?post=89"}],"version-history":[{"count":38,"href":"https:\/\/mindmaster.fi\/en\/wp-json\/wp\/v2\/pages\/89\/revisions"}],"predecessor-version":[{"id":644,"href":"https:\/\/mindmaster.fi\/en\/wp-json\/wp\/v2\/pages\/89\/revisions\/644"}],"wp:attachment":[{"href":"https:\/\/mindmaster.fi\/en\/wp-json\/wp\/v2\/media?parent=89"}],"wp:term":[{"taxonomy":"category","embeddable":true,"href":"https:\/\/mindmaster.fi\/en\/wp-json\/wp\/v2\/categories?post=89"},{"taxonomy":"post_tag","embeddable":true,"href":"https:\/\/mindmaster.fi\/en\/wp-json\/wp\/v2\/tags?post=89"}],"curies":[{"name":"wp","href":"https:\/\/api.w.org\/{rel}","templated":true}]}}