{"id":652,"date":"2018-01-14T19:25:34","date_gmt":"2018-01-14T17:25:34","guid":{"rendered":"http:\/\/mindmaster.fi\/?page_id=652"},"modified":"2018-01-14T19:42:55","modified_gmt":"2018-01-14T17:42:55","slug":"redbubble-shop","status":"publish","type":"page","link":"https:\/\/mindmaster.fi\/en\/redbubble-shop\/","title":{"rendered":"RedBubble shop"},"content":{"rendered":"<p>Pid\u00e4n v\u00e4reist\u00e4 ja erilaisten muotojen ja kuosien piirt\u00e4minen on yksi luomiskanava, joka saa ajattelun pys\u00e4htym\u00e4\u00e4n ja rauhan tilaan.<br \/>\nUseasti piirtelen \u00f6isin nauttien hiljaisuudesta. V\u00e4lill\u00e4 innoitus vie akryylimaalauksen pariin, v\u00e4lill\u00e4 puuv\u00e4reill\u00e4 piirtelyyn ja v\u00e4rittelyyn. Pid\u00e4n my\u00f6s tarkkojen rajausten piirt\u00e4misest\u00e4 ohuilla huopak\u00e4rkikynill\u00e4. Uusin aluevaltaus on digitaalinen piirtop\u00f6yt\u00e4, jonka k\u00e4ytt\u00f6\u00e4 harjoittelen viel\u00e4.<br \/>\nV\u00e4ritykset moniin kuoseihin on toteutettu tietokoneella. N\u00e4in samasta kuosista saa k\u00e4tev\u00e4sti useita s\u00e4vyvaihtoehtoja.<\/p>\n<p>Kuoseja l\u00f6ytyy vaatteisiin, mukeihin, k\u00e4nnykk\u00e4- ja padi koteloihin sek\u00e4 sisustustuotteisiin. K\u00e4y tutustumassa.<br \/>\nJos pid\u00e4t hieman erilaisista kuoseista niin t\u00e4\u00e4lt\u00e4 saattaa l\u00f6yty\u00e4 jotain sinulle. Kuosit painetaan tuotteisiin tilattaessa, mutta toimitus on nopea ja kulkee ymp\u00e4ri maailmaa.<\/p>\n<p>Ja toki erilaisia toiveitakin otan vastaan. Jos kaipaat jotain kuosia toisenlaisilla v\u00e4reill\u00e4, niin laita meili\u00e4 ja kerro toiveestasi. Voin v\u00e4ritell\u00e4 uudelleen ja ladata kauppaan tilattavaksi.<br \/>\nPOD-palvelun (print on demand) etu on siin\u00e4, ett\u00e4 tuotteita voi tilata yksitt\u00e4isi\u00e4 kappaleita eik\u00e4 edellyt\u00e4 suurien m\u00e4\u00e4rien hankintaa.<br \/>\nMy\u00f6s haluamasi tekstej\u00e4 ja muita kuvia on mahdollista toteuttaa. Kerro mit\u00e4 kaipaat ja katsotaan kuinka saamme sellaisen sinulle.<\/p>\n<p>K\u00e4y tutustumassa portfoliooni sek\u00e4 tuotteisiin, joita on kyseisill\u00e4 kuoseilla saatavana. Klikkaamalla piirrosta, n\u00e4et mihin kaikkiin tuotteisiin kyseist\u00e4 kuosia on saatavana.<br \/>\nPalaa portfolioon &#8220;back&#8221; painikkeella, niin sivustoni ei katoa kaiken muun sekaan.<\/p>\n<p><a href=\"https:\/\/www.redbubble.com\/people\/MilaBos\/portfolio?asc=u\" target=\"_blank\" rel=\"noopener\">MilArt design RedBubble<\/a><\/p>\n<p><a href=\"https:\/\/www.redbubble.com\/people\/MilaBos\/portfolio?asc=u\" target=\"_blank\" rel=\"noopener\"><img fetchpriority=\"high\" decoding=\"async\" class=\"alignnone wp-image-653 size-full\" src=\"http:\/\/mindmaster.fi\/wp\/wp-content\/uploads\/2018\/01\/RedBubbleMila.jpg\" alt=\"\" width=\"600\" height=\"391\" srcset=\"https:\/\/mindmaster.fi\/wp\/wp-content\/uploads\/2018\/01\/RedBubbleMila.jpg 600w, https:\/\/mindmaster.fi\/wp\/wp-content\/uploads\/2018\/01\/RedBubbleMila-300x196.jpg 300w, https:\/\/mindmaster.fi\/wp\/wp-content\/uploads\/2018\/01\/RedBubbleMila-172x113.jpg 172w, https:\/\/mindmaster.fi\/wp\/wp-content\/uploads\/2018\/01\/RedBubbleMila-150x98.jpg 150w, https:\/\/mindmaster.fi\/wp\/wp-content\/uploads\/2018\/01\/RedBubbleMila-230x150.jpg 230w\" sizes=\"(max-width: 600px) 100vw, 600px\" \/><\/a><\/p>\nSeuraa:  <span class=\"synved-social-container synved-social-container-follow\"><a class=\"synved-social-button synved-social-button-follow synved-social-size-24 synved-social-resolution-single synved-social-provider-facebook nolightbox\" data-provider=\"facebook\" target=\"_blank\" rel=\"nofollow\" title=\"Seuraa Facebookissa\" href=\"https:\/\/www.facebook.com\/653561754697779\" style=\"font-size: 0px;width:24px;height:24px;margin:0;margin-bottom:5px;margin-right:5px\"><img decoding=\"async\" alt=\"Facebook\" title=\"Seuraa Facebookissa\" class=\"synved-share-image synved-social-image synved-social-image-follow\" width=\"24\" height=\"24\" style=\"display: inline;width:24px;height:24px;margin: 0;padding: 0;border: none;box-shadow: none\" src=\"https:\/\/mindmaster.fi\/wp\/wp-content\/plugins\/social-media-feather\/synved-social\/image\/social\/regular\/48x48\/facebook.png\" \/><\/a><a class=\"synved-social-button synved-social-button-follow synved-social-size-24 synved-social-resolution-single synved-social-provider-twitter nolightbox\" data-provider=\"twitter\" target=\"_blank\" rel=\"nofollow\" title=\"Seuraa Twitteriss\u00e4\" href=\"https:\/\/twitter.com\/milabostrom\" style=\"font-size: 0px;width:24px;height:24px;margin:0;margin-bottom:5px;margin-right:5px\"><img decoding=\"async\" alt=\"twitter\" title=\"Seuraa Twitteriss\u00e4\" class=\"synved-share-image synved-social-image synved-social-image-follow\" width=\"24\" height=\"24\" style=\"display: inline;width:24px;height:24px;margin: 0;padding: 0;border: none;box-shadow: none\" src=\"https:\/\/mindmaster.fi\/wp\/wp-content\/plugins\/social-media-feather\/synved-social\/image\/social\/regular\/48x48\/twitter.png\" \/><\/a><a class=\"synved-social-button synved-social-button-follow synved-social-size-24 synved-social-resolution-single synved-social-provider-linkedin nolightbox\" data-provider=\"linkedin\" target=\"_blank\" rel=\"nofollow\" title=\"Seuraa LinkedIn\" href=\"http:\/\/linkedin.com\/in\/mila-bostrom-a371262\" style=\"font-size: 0px;width:24px;height:24px;margin:0;margin-bottom:5px;margin-right:5px\"><img loading=\"lazy\" decoding=\"async\" alt=\"linkedin\" title=\"Seuraa LinkedIn\" class=\"synved-share-image synved-social-image synved-social-image-follow\" width=\"24\" height=\"24\" style=\"display: inline;width:24px;height:24px;margin: 0;padding: 0;border: none;box-shadow: none\" src=\"https:\/\/mindmaster.fi\/wp\/wp-content\/plugins\/social-media-feather\/synved-social\/image\/social\/regular\/48x48\/linkedin.png\" \/><\/a><a class=\"synved-social-button synved-social-button-follow synved-social-size-24 synved-social-resolution-single synved-social-provider-youtube nolightbox\" data-provider=\"youtube\" target=\"_blank\" rel=\"nofollow\" title=\"Kanava YouTubessa\" href=\"https:\/\/www.youtube.com\/channel\/UC6NQk67xiZcfCKWf3OVxuyg\" style=\"font-size: 0px;width:24px;height:24px;margin:0;margin-bottom:5px;margin-right:5px\"><img loading=\"lazy\" decoding=\"async\" alt=\"youtube\" title=\"Kanava YouTubessa\" class=\"synved-share-image synved-social-image synved-social-image-follow\" width=\"24\" height=\"24\" style=\"display: inline;width:24px;height:24px;margin: 0;padding: 0;border: none;box-shadow: none\" src=\"https:\/\/mindmaster.fi\/wp\/wp-content\/plugins\/social-media-feather\/synved-social\/image\/social\/regular\/48x48\/youtube.png\" \/><\/a><a class=\"synved-social-button synved-social-button-follow synved-social-size-24 synved-social-resolution-single synved-social-provider-instagram nolightbox\" data-provider=\"instagram\" target=\"_blank\" rel=\"nofollow\" title=\"Seuraa Instagramissa\" href=\"http:\/\/instagram.com\/milabos\" style=\"font-size: 0px;width:24px;height:24px;margin:0;margin-bottom:5px\"><img loading=\"lazy\" decoding=\"async\" alt=\"instagram\" title=\"Seuraa Instagramissa\" class=\"synved-share-image synved-social-image synved-social-image-follow\" width=\"24\" height=\"24\" style=\"display: inline;width:24px;height:24px;margin: 0;padding: 0;border: none;box-shadow: none\" src=\"https:\/\/mindmaster.fi\/wp\/wp-content\/plugins\/social-media-feather\/synved-social\/image\/social\/regular\/48x48\/instagram.png\" \/><\/a><\/span><br\/>Jaa:  <span class=\"synved-social-container synved-social-container-share\"><a class=\"synved-social-button synved-social-button-share synved-social-size-24 synved-social-resolution-single synved-social-provider-facebook nolightbox\" data-provider=\"facebook\" target=\"_blank\" rel=\"nofollow\" title=\"Jaa Facebookissa\" href=\"https:\/\/www.facebook.com\/sharer.php?u=https%3A%2F%2Fmindmaster.fi%2Fen&#038;t=RedBubble%20shop&#038;s=100&#038;p&#091;url&#093;=https%3A%2F%2Fmindmaster.fi%2Fen&#038;p&#091;images&#093;&#091;0&#093;=http%3A%2F%2Fmindmaster.fi%2Fwp%2Fwp-content%2Fuploads%2F2018%2F01%2FRedBubbleMila.jpg&#038;p&#091;title&#093;=RedBubble%20shop\" style=\"font-size: 0px;width:24px;height:24px;margin:0;margin-bottom:5px;margin-right:5px\"><img loading=\"lazy\" decoding=\"async\" alt=\"Facebook\" title=\"Jaa Facebookissa\" class=\"synved-share-image synved-social-image synved-social-image-share\" width=\"24\" height=\"24\" style=\"display: inline;width:24px;height:24px;margin: 0;padding: 0;border: none;box-shadow: none\" src=\"https:\/\/mindmaster.fi\/wp\/wp-content\/plugins\/social-media-feather\/synved-social\/image\/social\/regular\/48x48\/facebook.png\" \/><\/a><a class=\"synved-social-button synved-social-button-share synved-social-size-24 synved-social-resolution-single synved-social-provider-twitter nolightbox\" data-provider=\"twitter\" target=\"_blank\" rel=\"nofollow\" title=\"Share on Twitter\" href=\"https:\/\/twitter.com\/intent\/tweet?url=https%3A%2F%2Fmindmaster.fi%2Fen&#038;text=MindMaster%20jakaa\" style=\"font-size: 0px;width:24px;height:24px;margin:0;margin-bottom:5px;margin-right:5px\"><img loading=\"lazy\" decoding=\"async\" alt=\"twitter\" title=\"Share on Twitter\" class=\"synved-share-image synved-social-image synved-social-image-share\" width=\"24\" height=\"24\" style=\"display: inline;width:24px;height:24px;margin: 0;padding: 0;border: none;box-shadow: none\" src=\"https:\/\/mindmaster.fi\/wp\/wp-content\/plugins\/social-media-feather\/synved-social\/image\/social\/regular\/48x48\/twitter.png\" \/><\/a><a class=\"synved-social-button synved-social-button-share synved-social-size-24 synved-social-resolution-single synved-social-provider-linkedin nolightbox\" data-provider=\"linkedin\" target=\"_blank\" rel=\"nofollow\" title=\"Jaa LinkedIn\" href=\"https:\/\/www.linkedin.com\/shareArticle?mini=true&#038;url=https%3A%2F%2Fmindmaster.fi%2Fen&#038;title=RedBubble%20shop\" style=\"font-size: 0px;width:24px;height:24px;margin:0;margin-bottom:5px;margin-right:5px\"><img loading=\"lazy\" decoding=\"async\" alt=\"linkedin\" title=\"Jaa LinkedIn\" class=\"synved-share-image synved-social-image synved-social-image-share\" width=\"24\" height=\"24\" style=\"display: inline;width:24px;height:24px;margin: 0;padding: 0;border: none;box-shadow: none\" src=\"https:\/\/mindmaster.fi\/wp\/wp-content\/plugins\/social-media-feather\/synved-social\/image\/social\/regular\/48x48\/linkedin.png\" \/><\/a><a class=\"synved-social-button synved-social-button-share synved-social-size-24 synved-social-resolution-single synved-social-provider-mail nolightbox\" data-provider=\"mail\" rel=\"nofollow\" title=\"Jaa s\u00e4hk\u00f6postitse\" href=\"mailto:?subject=RedBubble%20shop&#038;body=MindMaster%20jakaa:%20https%3A%2F%2Fmindmaster.fi%2Fen\" style=\"font-size: 0px;width:24px;height:24px;margin:0;margin-bottom:5px\"><img loading=\"lazy\" decoding=\"async\" alt=\"mail\" title=\"Jaa s\u00e4hk\u00f6postitse\" class=\"synved-share-image synved-social-image synved-social-image-share\" width=\"24\" height=\"24\" style=\"display: inline;width:24px;height:24px;margin: 0;padding: 0;border: none;box-shadow: none\" src=\"https:\/\/mindmaster.fi\/wp\/wp-content\/plugins\/social-media-feather\/synved-social\/image\/social\/regular\/48x48\/mail.png\" \/><\/a><\/span>","protected":false},"excerpt":{"rendered":"<p>Pid\u00e4n v\u00e4reist\u00e4 ja erilaisten muotojen ja kuosien piirt\u00e4minen on yksi luomiskanava, joka saa ajattelun pys\u00e4htym\u00e4\u00e4n ja rauhan tilaan. Useasti piirtelen \u00f6isin nauttien hiljaisuudesta. V\u00e4lill\u00e4 innoitus vie akryylimaalauksen pariin, v\u00e4lill\u00e4 puuv\u00e4reill\u00e4 piirtelyyn ja v\u00e4rittelyyn. Pid\u00e4n my\u00f6s tarkkojen rajausten piirt\u00e4misest\u00e4 ohuilla huopak\u00e4rkikynill\u00e4. Uusin aluevaltaus on digitaalinen piirtop\u00f6yt\u00e4, jonka k\u00e4ytt\u00f6\u00e4 harjoittelen viel\u00e4. V\u00e4ritykset \u2026 <a class=\"continue-reading-link\" href=\"https:\/\/mindmaster.fi\/en\/redbubble-shop\/\">Lue lis\u00e4\u00e4&#8230; <span class=\"meta-nav\">&rarr; <\/span><\/a><\/p>\n","protected":false},"author":1,"featured_media":0,"parent":0,"menu_order":0,"comment_status":"closed","ping_status":"closed","template":"","meta":{"spay_email":"","footnotes":""},"categories":[33],"tags":[],"class_list":["post-652","page","type-page","status-publish","hentry","category-milart"],"_links":{"self":[{"href":"https:\/\/mindmaster.fi\/en\/wp-json\/wp\/v2\/pages\/652","targetHints":{"allow":["GET"]}}],"collection":[{"href":"https:\/\/mindmaster.fi\/en\/wp-json\/wp\/v2\/pages"}],"about":[{"href":"https:\/\/mindmaster.fi\/en\/wp-json\/wp\/v2\/types\/page"}],"author":[{"embeddable":true,"href":"https:\/\/mindmaster.fi\/en\/wp-json\/wp\/v2\/users\/1"}],"replies":[{"embeddable":true,"href":"https:\/\/mindmaster.fi\/en\/wp-json\/wp\/v2\/comments?post=652"}],"version-history":[{"count":5,"href":"https:\/\/mindmaster.fi\/en\/wp-json\/wp\/v2\/pages\/652\/revisions"}],"predecessor-version":[{"id":660,"href":"https:\/\/mindmaster.fi\/en\/wp-json\/wp\/v2\/pages\/652\/revisions\/660"}],"wp:attachment":[{"href":"https:\/\/mindmaster.fi\/en\/wp-json\/wp\/v2\/media?parent=652"}],"wp:term":[{"taxonomy":"category","embeddable":true,"href":"https:\/\/mindmaster.fi\/en\/wp-json\/wp\/v2\/categories?post=652"},{"taxonomy":"post_tag","embeddable":true,"href":"https:\/\/mindmaster.fi\/en\/wp-json\/wp\/v2\/tags?post=652"}],"curies":[{"name":"wp","href":"https:\/\/api.w.org\/{rel}","templated":true}]}}