{"id":467,"date":"2017-09-05T17:47:19","date_gmt":"2017-09-05T14:47:19","guid":{"rendered":"http:\/\/mindmaster.fi\/?page_id=467"},"modified":"2020-03-26T22:05:54","modified_gmt":"2020-03-26T20:05:54","slug":"milart","status":"publish","type":"page","link":"https:\/\/mindmaster.fi\/en\/milart\/","title":{"rendered":"MilArt"},"content":{"rendered":"<p>Tervetuloa luovuuden kehtooni!<br \/>\n<img decoding=\"async\" class=\"alignnone wp-image-470 size-thumbnail\" src=\"http:\/\/mindmaster.fi\/wp\/wp-content\/uploads\/2017\/09\/MilArt_LogoS-150x150.jpg\" alt=\"\" width=\"150\" height=\"150\" srcset=\"https:\/\/mindmaster.fi\/wp\/wp-content\/uploads\/2017\/09\/MilArt_LogoS-150x150.jpg 150w, https:\/\/mindmaster.fi\/wp\/wp-content\/uploads\/2017\/09\/MilArt_LogoS-300x300.jpg 300w, https:\/\/mindmaster.fi\/wp\/wp-content\/uploads\/2017\/09\/MilArt_LogoS.jpg 500w\" sizes=\"(max-width: 150px) 100vw, 150px\" \/><br \/>\nT\u00e4ll\u00e4 hetkell\u00e4 voit tutustua t\u00f6ihin facebookin sivulla:<\/p>\n<p><a href=\"https:\/\/www.facebook.com\/MilArtDesign\/\" target=\"_blank\" rel=\"noopener\">https:\/\/www.facebook.com\/MilArtDesign<\/a><\/p>\n<p>&nbsp;<\/p>\n<p><em><strong>Contrado<\/strong><\/em> on englantilainen Design-sivusto eritt\u00e4in laadukkaine tuotteineen. Kaikki tuotetaan k\u00e4sity\u00f6n\u00e4 tilausten mukaisesti.<br \/>\nKuosini ovat nyt osa laajenevaa kansainv\u00e4list\u00e4 Design-palvelua. Nyt l\u00f6yd\u00e4t oman Contrado kauppani t\u00e4\u00e4lt\u00e4:<br \/>\n<a href=\"https:\/\/www.contrado.co.uk\/stores\/milart-design\" target=\"_blank\" rel=\"noopener\">https:\/\/www.contrado.co.uk\/stores\/milart-design<\/a><\/p>\n<p><a href=\"https:\/\/www.contrado.co.uk\/stores\/milart-design\" target=\"_blank\" rel=\"noopener\"><img fetchpriority=\"high\" decoding=\"async\" class=\"alignnone wp-image-768\" src=\"http:\/\/mindmaster.fi\/wp\/wp-content\/uploads\/2018\/06\/138588_espadrilles-blue-elephant_0.jpg\" alt=\"\" width=\"250\" height=\"250\" srcset=\"https:\/\/mindmaster.fi\/wp\/wp-content\/uploads\/2018\/06\/138588_espadrilles-blue-elephant_0.jpg 800w, https:\/\/mindmaster.fi\/wp\/wp-content\/uploads\/2018\/06\/138588_espadrilles-blue-elephant_0-150x150.jpg 150w, https:\/\/mindmaster.fi\/wp\/wp-content\/uploads\/2018\/06\/138588_espadrilles-blue-elephant_0-300x300.jpg 300w, https:\/\/mindmaster.fi\/wp\/wp-content\/uploads\/2018\/06\/138588_espadrilles-blue-elephant_0-768x768.jpg 768w, https:\/\/mindmaster.fi\/wp\/wp-content\/uploads\/2018\/06\/138588_espadrilles-blue-elephant_0-480x480.jpg 480w, https:\/\/mindmaster.fi\/wp\/wp-content\/uploads\/2018\/06\/138588_espadrilles-blue-elephant_0-500x500.jpg 500w, https:\/\/mindmaster.fi\/wp\/wp-content\/uploads\/2018\/06\/138588_espadrilles-blue-elephant_0-640x640.jpg 640w, https:\/\/mindmaster.fi\/wp\/wp-content\/uploads\/2018\/06\/138588_espadrilles-blue-elephant_0-180x180.jpg 180w, https:\/\/mindmaster.fi\/wp\/wp-content\/uploads\/2018\/06\/138588_espadrilles-blue-elephant_0-600x600.jpg 600w, https:\/\/mindmaster.fi\/wp\/wp-content\/uploads\/2018\/06\/138588_espadrilles-blue-elephant_0-50x50.jpg 50w\" sizes=\"(max-width: 250px) 100vw, 250px\" \/><\/a><a href=\"https:\/\/www.contrado.co.uk\/stores\/milart-design\" target=\"_blank\" rel=\"noopener\"><img decoding=\"async\" class=\"alignnone wp-image-770\" src=\"http:\/\/mindmaster.fi\/wp\/wp-content\/uploads\/2018\/06\/FlipFlopsPink.jpg\" alt=\"\" width=\"241\" height=\"250\" srcset=\"https:\/\/mindmaster.fi\/wp\/wp-content\/uploads\/2018\/06\/FlipFlopsPink.jpg 498w, https:\/\/mindmaster.fi\/wp\/wp-content\/uploads\/2018\/06\/FlipFlopsPink-290x300.jpg 290w, https:\/\/mindmaster.fi\/wp\/wp-content\/uploads\/2018\/06\/FlipFlopsPink-463x480.jpg 463w, https:\/\/mindmaster.fi\/wp\/wp-content\/uploads\/2018\/06\/FlipFlopsPink-483x500.jpg 483w, https:\/\/mindmaster.fi\/wp\/wp-content\/uploads\/2018\/06\/FlipFlopsPink-145x150.jpg 145w\" sizes=\"(max-width: 241px) 100vw, 241px\" \/><\/a><a href=\"https:\/\/www.contrado.co.uk\/stores\/milart-design\" target=\"_blank\" rel=\"noopener\"><img loading=\"lazy\" decoding=\"async\" class=\"alignnone wp-image-765\" src=\"http:\/\/mindmaster.fi\/wp\/wp-content\/uploads\/2018\/06\/TenderFlowerPink.png\" alt=\"\" width=\"250\" height=\"250\" srcset=\"https:\/\/mindmaster.fi\/wp\/wp-content\/uploads\/2018\/06\/TenderFlowerPink.png 590w, https:\/\/mindmaster.fi\/wp\/wp-content\/uploads\/2018\/06\/TenderFlowerPink-150x150.png 150w, https:\/\/mindmaster.fi\/wp\/wp-content\/uploads\/2018\/06\/TenderFlowerPink-300x300.png 300w, https:\/\/mindmaster.fi\/wp\/wp-content\/uploads\/2018\/06\/TenderFlowerPink-480x480.png 480w, https:\/\/mindmaster.fi\/wp\/wp-content\/uploads\/2018\/06\/TenderFlowerPink-500x500.png 500w, https:\/\/mindmaster.fi\/wp\/wp-content\/uploads\/2018\/06\/TenderFlowerPink-180x180.png 180w, https:\/\/mindmaster.fi\/wp\/wp-content\/uploads\/2018\/06\/TenderFlowerPink-50x50.png 50w\" sizes=\"(max-width: 250px) 100vw, 250px\" \/><\/a><\/p>\n<p><em><strong>RedBubble<\/strong><\/em> print-on-demand kauppa tarjoaa tuotteita hieman edullisemmin hinnoin.<br \/>\nPiirroksistani, maalauksistani ja my\u00f6s polymeerikuoseistani on nyt saatavilla erilaisia vaatteita,<br \/>\nk\u00e4nnykk\u00e4kuoria, penaaleja, tyynyj\u00e4 ja muuta kivaa. Tule tutustumaan kauppaan:<\/p>\n<p><a href=\"https:\/\/www.redbubble.com\/people\/MilaBos\/portfolio\" target=\"_blank\" rel=\"noopener\">https:\/\/www.redbubble.com\/people\/MilaBos\/portfolio<\/a><\/p>\n<p>Klikkaamalla piirrosta, sen alle aukeaa tuotteet joita saatavilla kyseisell\u00e4 kuosilla.<br \/>\nOsa tuoteryhmist\u00e4 avautuu lis\u00e4\u00e4 scrollaamalla sivuttaissuuntaan.<\/p>\n<p><a href=\"https:\/\/www.redbubble.com\/people\/milabos\/shop\/dresses?accordion=product&#038;cat_context=women-clothes&#038;ref=artist_shop_product_refinement&#038;asc=u\" target=\"_blank\" rel=\"noopener\"><img loading=\"lazy\" decoding=\"async\" class=\"alignnone wp-image-776\" src=\"http:\/\/mindmaster.fi\/wp\/wp-content\/uploads\/2018\/06\/MekkoFallenAngel.jpg\" alt=\"\" width=\"250\" height=\"250\" srcset=\"https:\/\/mindmaster.fi\/wp\/wp-content\/uploads\/2018\/06\/MekkoFallenAngel.jpg 960w, https:\/\/mindmaster.fi\/wp\/wp-content\/uploads\/2018\/06\/MekkoFallenAngel-150x150.jpg 150w, https:\/\/mindmaster.fi\/wp\/wp-content\/uploads\/2018\/06\/MekkoFallenAngel-300x300.jpg 300w, https:\/\/mindmaster.fi\/wp\/wp-content\/uploads\/2018\/06\/MekkoFallenAngel-768x768.jpg 768w, https:\/\/mindmaster.fi\/wp\/wp-content\/uploads\/2018\/06\/MekkoFallenAngel-480x480.jpg 480w, https:\/\/mindmaster.fi\/wp\/wp-content\/uploads\/2018\/06\/MekkoFallenAngel-500x500.jpg 500w, https:\/\/mindmaster.fi\/wp\/wp-content\/uploads\/2018\/06\/MekkoFallenAngel-640x640.jpg 640w, https:\/\/mindmaster.fi\/wp\/wp-content\/uploads\/2018\/06\/MekkoFallenAngel-180x180.jpg 180w, https:\/\/mindmaster.fi\/wp\/wp-content\/uploads\/2018\/06\/MekkoFallenAngel-600x600.jpg 600w, https:\/\/mindmaster.fi\/wp\/wp-content\/uploads\/2018\/06\/MekkoFallenAngel-50x50.jpg 50w\" sizes=\"(max-width: 250px) 100vw, 250px\" \/><\/a> <a href=\"https:\/\/www.redbubble.com\/people\/milabos\/shop\/pillows?accordion=product&#038;cat_context=u-decor&#038;ref=artist_shop_product_refinement&#038;asc=u\" target=\"_blank\" rel=\"noopener\"><img loading=\"lazy\" decoding=\"async\" class=\"alignnone wp-image-777\" src=\"http:\/\/mindmaster.fi\/wp\/wp-content\/uploads\/2018\/06\/TyynyValk.jpg\" alt=\"\" width=\"172\" height=\"250\" srcset=\"https:\/\/mindmaster.fi\/wp\/wp-content\/uploads\/2018\/06\/TyynyValk.jpg 660w, https:\/\/mindmaster.fi\/wp\/wp-content\/uploads\/2018\/06\/TyynyValk-206x300.jpg 206w, https:\/\/mindmaster.fi\/wp\/wp-content\/uploads\/2018\/06\/TyynyValk-330x480.jpg 330w, https:\/\/mindmaster.fi\/wp\/wp-content\/uploads\/2018\/06\/TyynyValk-344x500.jpg 344w, https:\/\/mindmaster.fi\/wp\/wp-content\/uploads\/2018\/06\/TyynyValk-640x931.jpg 640w, https:\/\/mindmaster.fi\/wp\/wp-content\/uploads\/2018\/06\/TyynyValk-103x150.jpg 103w\" sizes=\"(max-width: 172px) 100vw, 172px\" \/><\/a> <a href=\"https:\/\/www.redbubble.com\/people\/milabos\/shop\/leggings?accordion=product&#038;cat_context=women-clothes&#038;ref=artist_shop_product_refinement&#038;asc=u\" target=\"_blank\" rel=\"noopener\"><img loading=\"lazy\" decoding=\"async\" class=\"alignnone wp-image-775\" src=\"http:\/\/mindmaster.fi\/wp\/wp-content\/uploads\/2018\/06\/LegginsMusta.jpg\" alt=\"\" width=\"165\" height=\"250\" srcset=\"https:\/\/mindmaster.fi\/wp\/wp-content\/uploads\/2018\/06\/LegginsMusta.jpg 634w, https:\/\/mindmaster.fi\/wp\/wp-content\/uploads\/2018\/06\/LegginsMusta-198x300.jpg 198w, https:\/\/mindmaster.fi\/wp\/wp-content\/uploads\/2018\/06\/LegginsMusta-317x480.jpg 317w, https:\/\/mindmaster.fi\/wp\/wp-content\/uploads\/2018\/06\/LegginsMusta-330x500.jpg 330w, https:\/\/mindmaster.fi\/wp\/wp-content\/uploads\/2018\/06\/LegginsMusta-99x150.jpg 99w\" sizes=\"(max-width: 165px) 100vw, 165px\" \/><\/a><\/p>\nSeuraa:  <span class=\"synved-social-container synved-social-container-follow\"><a class=\"synved-social-button synved-social-button-follow synved-social-size-24 synved-social-resolution-single synved-social-provider-facebook nolightbox\" data-provider=\"facebook\" target=\"_blank\" rel=\"nofollow\" title=\"Seuraa Facebookissa\" href=\"https:\/\/www.facebook.com\/653561754697779\" style=\"font-size: 0px;width:24px;height:24px;margin:0;margin-bottom:5px;margin-right:5px\"><img loading=\"lazy\" decoding=\"async\" alt=\"Facebook\" title=\"Seuraa Facebookissa\" class=\"synved-share-image synved-social-image synved-social-image-follow\" width=\"24\" height=\"24\" style=\"display: inline;width:24px;height:24px;margin: 0;padding: 0;border: none;box-shadow: none\" src=\"https:\/\/mindmaster.fi\/wp\/wp-content\/plugins\/social-media-feather\/synved-social\/image\/social\/regular\/48x48\/facebook.png\" \/><\/a><a class=\"synved-social-button synved-social-button-follow synved-social-size-24 synved-social-resolution-single synved-social-provider-twitter nolightbox\" data-provider=\"twitter\" target=\"_blank\" rel=\"nofollow\" title=\"Seuraa Twitteriss\u00e4\" href=\"https:\/\/twitter.com\/milabostrom\" style=\"font-size: 0px;width:24px;height:24px;margin:0;margin-bottom:5px;margin-right:5px\"><img loading=\"lazy\" decoding=\"async\" alt=\"twitter\" title=\"Seuraa Twitteriss\u00e4\" class=\"synved-share-image synved-social-image synved-social-image-follow\" width=\"24\" height=\"24\" style=\"display: inline;width:24px;height:24px;margin: 0;padding: 0;border: none;box-shadow: none\" src=\"https:\/\/mindmaster.fi\/wp\/wp-content\/plugins\/social-media-feather\/synved-social\/image\/social\/regular\/48x48\/twitter.png\" \/><\/a><a class=\"synved-social-button synved-social-button-follow synved-social-size-24 synved-social-resolution-single synved-social-provider-linkedin nolightbox\" data-provider=\"linkedin\" target=\"_blank\" rel=\"nofollow\" title=\"Seuraa LinkedIn\" href=\"http:\/\/linkedin.com\/in\/mila-bostrom-a371262\" style=\"font-size: 0px;width:24px;height:24px;margin:0;margin-bottom:5px;margin-right:5px\"><img loading=\"lazy\" decoding=\"async\" alt=\"linkedin\" title=\"Seuraa LinkedIn\" class=\"synved-share-image synved-social-image synved-social-image-follow\" width=\"24\" height=\"24\" style=\"display: inline;width:24px;height:24px;margin: 0;padding: 0;border: none;box-shadow: none\" src=\"https:\/\/mindmaster.fi\/wp\/wp-content\/plugins\/social-media-feather\/synved-social\/image\/social\/regular\/48x48\/linkedin.png\" \/><\/a><a class=\"synved-social-button synved-social-button-follow synved-social-size-24 synved-social-resolution-single synved-social-provider-youtube nolightbox\" data-provider=\"youtube\" target=\"_blank\" rel=\"nofollow\" title=\"Kanava YouTubessa\" href=\"https:\/\/www.youtube.com\/channel\/UC6NQk67xiZcfCKWf3OVxuyg\" style=\"font-size: 0px;width:24px;height:24px;margin:0;margin-bottom:5px;margin-right:5px\"><img loading=\"lazy\" decoding=\"async\" alt=\"youtube\" title=\"Kanava YouTubessa\" class=\"synved-share-image synved-social-image synved-social-image-follow\" width=\"24\" height=\"24\" style=\"display: inline;width:24px;height:24px;margin: 0;padding: 0;border: none;box-shadow: none\" src=\"https:\/\/mindmaster.fi\/wp\/wp-content\/plugins\/social-media-feather\/synved-social\/image\/social\/regular\/48x48\/youtube.png\" \/><\/a><a class=\"synved-social-button synved-social-button-follow synved-social-size-24 synved-social-resolution-single synved-social-provider-instagram nolightbox\" data-provider=\"instagram\" target=\"_blank\" rel=\"nofollow\" title=\"Seuraa Instagramissa\" href=\"http:\/\/instagram.com\/milabos\" style=\"font-size: 0px;width:24px;height:24px;margin:0;margin-bottom:5px\"><img loading=\"lazy\" decoding=\"async\" alt=\"instagram\" title=\"Seuraa Instagramissa\" class=\"synved-share-image synved-social-image synved-social-image-follow\" width=\"24\" height=\"24\" style=\"display: inline;width:24px;height:24px;margin: 0;padding: 0;border: none;box-shadow: none\" src=\"https:\/\/mindmaster.fi\/wp\/wp-content\/plugins\/social-media-feather\/synved-social\/image\/social\/regular\/48x48\/instagram.png\" \/><\/a><\/span><br\/>Jaa:  <span class=\"synved-social-container synved-social-container-share\"><a class=\"synved-social-button synved-social-button-share synved-social-size-24 synved-social-resolution-single synved-social-provider-facebook nolightbox\" data-provider=\"facebook\" target=\"_blank\" rel=\"nofollow\" title=\"Jaa Facebookissa\" href=\"https:\/\/www.facebook.com\/sharer.php?u=https%3A%2F%2Fmindmaster.fi%2Fen&#038;t=MilArt&#038;s=100&#038;p&#091;url&#093;=https%3A%2F%2Fmindmaster.fi%2Fen&#038;p&#091;images&#093;&#091;0&#093;=http%3A%2F%2Fmindmaster.fi%2Fwp%2Fwp-content%2Fuploads%2F2017%2F09%2FMilArt_LogoS-150x150.jpg&#038;p&#091;title&#093;=MilArt\" style=\"font-size: 0px;width:24px;height:24px;margin:0;margin-bottom:5px;margin-right:5px\"><img loading=\"lazy\" decoding=\"async\" alt=\"Facebook\" title=\"Jaa Facebookissa\" class=\"synved-share-image synved-social-image synved-social-image-share\" width=\"24\" height=\"24\" style=\"display: inline;width:24px;height:24px;margin: 0;padding: 0;border: none;box-shadow: none\" src=\"https:\/\/mindmaster.fi\/wp\/wp-content\/plugins\/social-media-feather\/synved-social\/image\/social\/regular\/48x48\/facebook.png\" \/><\/a><a class=\"synved-social-button synved-social-button-share synved-social-size-24 synved-social-resolution-single synved-social-provider-twitter nolightbox\" data-provider=\"twitter\" target=\"_blank\" rel=\"nofollow\" title=\"Share on Twitter\" href=\"https:\/\/twitter.com\/intent\/tweet?url=https%3A%2F%2Fmindmaster.fi%2Fen&#038;text=MindMaster%20jakaa\" style=\"font-size: 0px;width:24px;height:24px;margin:0;margin-bottom:5px;margin-right:5px\"><img loading=\"lazy\" decoding=\"async\" alt=\"twitter\" title=\"Share on Twitter\" class=\"synved-share-image synved-social-image synved-social-image-share\" width=\"24\" height=\"24\" style=\"display: inline;width:24px;height:24px;margin: 0;padding: 0;border: none;box-shadow: none\" src=\"https:\/\/mindmaster.fi\/wp\/wp-content\/plugins\/social-media-feather\/synved-social\/image\/social\/regular\/48x48\/twitter.png\" \/><\/a><a class=\"synved-social-button synved-social-button-share synved-social-size-24 synved-social-resolution-single synved-social-provider-linkedin nolightbox\" data-provider=\"linkedin\" target=\"_blank\" rel=\"nofollow\" title=\"Jaa LinkedIn\" href=\"https:\/\/www.linkedin.com\/shareArticle?mini=true&#038;url=https%3A%2F%2Fmindmaster.fi%2Fen&#038;title=MilArt\" style=\"font-size: 0px;width:24px;height:24px;margin:0;margin-bottom:5px;margin-right:5px\"><img loading=\"lazy\" decoding=\"async\" alt=\"linkedin\" title=\"Jaa LinkedIn\" class=\"synved-share-image synved-social-image synved-social-image-share\" width=\"24\" height=\"24\" style=\"display: inline;width:24px;height:24px;margin: 0;padding: 0;border: none;box-shadow: none\" src=\"https:\/\/mindmaster.fi\/wp\/wp-content\/plugins\/social-media-feather\/synved-social\/image\/social\/regular\/48x48\/linkedin.png\" \/><\/a><a class=\"synved-social-button synved-social-button-share synved-social-size-24 synved-social-resolution-single synved-social-provider-mail nolightbox\" data-provider=\"mail\" rel=\"nofollow\" title=\"Jaa s\u00e4hk\u00f6postitse\" href=\"mailto:?subject=MilArt&#038;body=MindMaster%20jakaa:%20https%3A%2F%2Fmindmaster.fi%2Fen\" style=\"font-size: 0px;width:24px;height:24px;margin:0;margin-bottom:5px\"><img loading=\"lazy\" decoding=\"async\" alt=\"mail\" title=\"Jaa s\u00e4hk\u00f6postitse\" class=\"synved-share-image synved-social-image synved-social-image-share\" width=\"24\" height=\"24\" style=\"display: inline;width:24px;height:24px;margin: 0;padding: 0;border: none;box-shadow: none\" src=\"https:\/\/mindmaster.fi\/wp\/wp-content\/plugins\/social-media-feather\/synved-social\/image\/social\/regular\/48x48\/mail.png\" \/><\/a><\/span>","protected":false},"excerpt":{"rendered":"<p>Tervetuloa luovuuden kehtooni! T\u00e4ll\u00e4 hetkell\u00e4 voit tutustua t\u00f6ihin facebookin sivulla: https:\/\/www.facebook.com\/MilArtDesign &nbsp; Contrado on englantilainen Design-sivusto eritt\u00e4in laadukkaine tuotteineen. Kaikki tuotetaan k\u00e4sity\u00f6n\u00e4 tilausten mukaisesti. Kuosini ovat nyt osa laajenevaa kansainv\u00e4list\u00e4 Design-palvelua. Nyt l\u00f6yd\u00e4t oman Contrado kauppani t\u00e4\u00e4lt\u00e4: https:\/\/www.contrado.co.uk\/stores\/milart-design RedBubble print-on-demand kauppa tarjoaa tuotteita hieman edullisemmin hinnoin. Piirroksistani, maalauksistani ja my\u00f6s \u2026 <a class=\"continue-reading-link\" href=\"https:\/\/mindmaster.fi\/en\/milart\/\">Lue lis\u00e4\u00e4&#8230; <span class=\"meta-nav\">&rarr; <\/span><\/a><\/p>\n","protected":false},"author":1,"featured_media":0,"parent":0,"menu_order":0,"comment_status":"closed","ping_status":"closed","template":"","meta":{"spay_email":"","footnotes":""},"categories":[33],"tags":[],"class_list":["post-467","page","type-page","status-publish","hentry","category-milart"],"_links":{"self":[{"href":"https:\/\/mindmaster.fi\/en\/wp-json\/wp\/v2\/pages\/467","targetHints":{"allow":["GET"]}}],"collection":[{"href":"https:\/\/mindmaster.fi\/en\/wp-json\/wp\/v2\/pages"}],"about":[{"href":"https:\/\/mindmaster.fi\/en\/wp-json\/wp\/v2\/types\/page"}],"author":[{"embeddable":true,"href":"https:\/\/mindmaster.fi\/en\/wp-json\/wp\/v2\/users\/1"}],"replies":[{"embeddable":true,"href":"https:\/\/mindmaster.fi\/en\/wp-json\/wp\/v2\/comments?post=467"}],"version-history":[{"count":12,"href":"https:\/\/mindmaster.fi\/en\/wp-json\/wp\/v2\/pages\/467\/revisions"}],"predecessor-version":[{"id":889,"href":"https:\/\/mindmaster.fi\/en\/wp-json\/wp\/v2\/pages\/467\/revisions\/889"}],"wp:attachment":[{"href":"https:\/\/mindmaster.fi\/en\/wp-json\/wp\/v2\/media?parent=467"}],"wp:term":[{"taxonomy":"category","embeddable":true,"href":"https:\/\/mindmaster.fi\/en\/wp-json\/wp\/v2\/categories?post=467"},{"taxonomy":"post_tag","embeddable":true,"href":"https:\/\/mindmaster.fi\/en\/wp-json\/wp\/v2\/tags?post=467"}],"curies":[{"name":"wp","href":"https:\/\/api.w.org\/{rel}","templated":true}]}}