{"id":2,"date":"2015-10-02T13:42:08","date_gmt":"2015-10-02T10:42:08","guid":{"rendered":"http:\/\/mindmaster.fi\/wp\/?page_id=2"},"modified":"2022-09-03T13:44:18","modified_gmt":"2022-09-03T10:44:18","slug":"mindmaster","status":"publish","type":"page","link":"https:\/\/mindmaster.fi\/en\/mindmaster\/","title":{"rendered":"MindMaster &#8211; etusivu"},"content":{"rendered":"<p>Huomenta ihmisyys<\/p>\n<p>K\u00e4sitys todellisuudestamme pohjautuu p\u00e4\u00e4osin ajatteluun, johon uskomme tarkistamatta sen todellisuuspohjaa. El\u00e4mme ajattelun tuottamien tarinoiden varassa ilman erottelukyky\u00e4. Muutos n\u00e4k\u00f6kulmassa muuttaa tietoisuuttamme.<br \/>\nKun tietoisuutemme muuttuu, muuttuu koko tapamme havaita kokemaamme todellisuutta.<br \/>\nYh\u00e4 useampi etsii t\u00e4ll\u00e4 hetkell\u00e4 keinoja ep\u00e4tyydytt\u00e4v\u00e4n el\u00e4m\u00e4nkokemisensa korjaamiseksi. Ihmiset voivat huonosti, ovat uupuneita, masentuneita, loppuun palaneita, tylsistyneit\u00e4, stressaantuneita.\u00a0Mieli tuntuu k\u00e4yv\u00e4n ylikierroksilla my\u00f6s vapaa-aikana. N\u00e4in ei tarvitse olla. Todellisuudestamme on toisenlainenkin versio, mik\u00e4 l\u00f6ytyy havaitsemalla, miten nykyinen tila on saatu aikaiseksi. Sis\u00e4inen matka ei ole henkil\u00f6kohtainen. Se on tie ulos siit\u00e4, mik\u00e4 tuntuu henkil\u00f6kohtaiselta.<br \/>\nSe on ihmisyys t\u00e4ydess\u00e4 potentiaalissaan ilman mielen asettamia rajoja. Se on tila jossa harhan harsot putoavat totuuden edest\u00e4. Selkeys astuu kaaoksen tilalle. Se l\u00f6ytyy katsomalla suoraan mit\u00e4 on ja mit\u00e4 ei ole. Se ei vaadi monimutkaisia metodeja tai vuosikausien henkisi\u00e4 harjoitteita.<br \/>\nKaikki tarvittava on jo, tarvitaan vain joku, joka osoittaa miten ja mihin suuntaan katsoa, jonka j\u00e4lkeen havaitsee itse.<\/p>\n<p>Ajatusvirtojen ja uskomusten havaitseminen ja tunnistaminen on ensisijainen avain kaikkiin ongelmiin.<br \/>\nMielipiteemme ja k\u00e4sityksemme muodostuvat siit\u00e4, mit\u00e4 meille on aikanaan opetettu. Nyt on aika tarkastaa, ovatko opitut ja uskotut ajatusmallimme totta.<\/p>\n<hr \/>\n<p><strong>Youtube<\/strong> kanava:\u00a0<a href=\"https:\/\/www.youtube.com\/channel\/UC6NQk67xiZcfCKWf3OVxuyg\" target=\"_blank\" rel=\"noopener noreferrer\">https:\/\/www.youtube.com\/channel\/UC6NQk67xiZcfCKWf3OVxuyg<\/a><\/p>\n<p>&nbsp;<\/p>\n<p style=\"text-align: left;\"><span style=\"color: #000000;\">P\u00e4\u00e4tin julkaista ensimm\u00e4isen kirjani suoraan sivuiltani ladattavana pdf versiona.<br \/>\nKlikkaa kuvaa ja lue lis\u00e4\u00e4. Sielt\u00e4 p\u00e4\u00e4set my\u00f6s lataamaan kirjani itsellesi.<br \/>\nLue lis\u00e4\u00e4 Kirjat ja lataukset\u00a0sivulta.<\/span><a href=\"http:\/\/mindmaster.fi\/kirjat-ja-lataukset\/\"><img fetchpriority=\"high\" decoding=\"async\" class=\"alignleft wp-image-246\" src=\"http:\/\/mindmaster.fi\/wp\/wp-content\/uploads\/2016\/10\/KohtiMin\u00e4t\u00f6nt\u00e4MenoaKansi-225x300.jpg\" width=\"200\" height=\"255\" \/><\/a><\/p>\n<p>Kohti min\u00e4t\u00f6nt\u00e4 menoa kertoo matkasta itseen ja sen syvyyksist\u00e4 l\u00f6ytyviin saloihin.<br \/>\nNiin kipuihin kuin el\u00e4m\u00e4n ja mielen uudelleen oivaltamiseen.<\/p>\n<p>Kaikki muuttuu jatkuvasti ja ainoa syy k\u00e4rsimyksiimme on se, ett\u00e4 tulkitsemme tapahtumia ja tunteitamme v\u00e4\u00e4rin. Uskomme ajatuksiimme kyseenalaistamatta tulkintaamme. Se on mahdollista muuttaa! Vapaampi ja mielekk\u00e4\u00e4mpi el\u00e4m\u00e4 odottaa jo kulman takana.<\/p>\n<p>&nbsp;<\/p>\n<p>&nbsp;<\/p>\n<p>&nbsp;<\/p>\n<p>______________________________<\/p>\n<div id=\"attachment_319\" style=\"width: 310px\"  class=\"wp-caption alignnone\"><a href=\"https:\/\/www.youtube.com\/watch?v=PPEJagvLCJE\" target=\"_blank\" rel=\"noopener noreferrer\"><img decoding=\"async\" class=\"wp-image-319 size-medium\" src=\"http:\/\/mindmaster.fi\/wp\/wp-content\/uploads\/2015\/10\/IMG_6322-e1486552335898-300x157.jpg\" width=\"300\" height=\"157\" srcset=\"https:\/\/mindmaster.fi\/wp\/wp-content\/uploads\/2015\/10\/IMG_6322-e1486552335898-300x157.jpg 300w, https:\/\/mindmaster.fi\/wp\/wp-content\/uploads\/2015\/10\/IMG_6322-e1486552335898-250x130.jpg 250w, https:\/\/mindmaster.fi\/wp\/wp-content\/uploads\/2015\/10\/IMG_6322-e1486552335898-150x78.jpg 150w, https:\/\/mindmaster.fi\/wp\/wp-content\/uploads\/2015\/10\/IMG_6322-e1486552335898.jpg 600w\" sizes=\"(max-width: 300px) 100vw, 300px\" \/><\/a><p class=\"wp-caption-text\">Viisas El\u00e4m\u00e4 klubi-ilta<\/p><\/div>\n<p>Viisas El\u00e4m\u00e4 Oy tilaisuudesta\u00a0(<a href=\"http:\/\/viisaselama.fi\" target=\"_blank\" rel=\"noopener noreferrer\">viisaselama.fi<\/a>)<br \/>\nKatso alta<a href=\"https:\/\/www.youtube.com\/watch?v=PPEJagvLCJE\" target=\"_blank\" rel=\"noopener noreferrer\">YouTubesta<\/a> 22.2.2016 klubi-illan anti videona.<\/p>\n<p>Kuvaus: Timo Turunen. Viisas El\u00e4m\u00e4 Oy<br \/>\nKlikkaa <a href=\"https:\/\/www.youtube.com\/watch?v=PPEJagvLCJE\" target=\"_blank\" rel=\"noopener noreferrer\">YouTube videoon<\/a>.<\/p>\n<p>Ota yhteytt\u00e4 ja kysy lis\u00e4\u00e4. posti(at)mindmaster.fi\u00a0 tai 040-7224566<\/p>\n<p>Avain hyv\u00e4\u00e4n el\u00e4m\u00e4\u00e4n, tasapainoon, rakkauteen ja rauhaan l\u00f6ytyy mielen ja syd\u00e4men kautta.<\/p>\n<p>Vanhat tulkinnat ja n\u00e4k\u00f6kulmat on aika vaihtaa uusiin. On aika her\u00e4t\u00e4.<\/p>\n<p>Maailma muuttuu ajatus kerrallaan.<\/p>\n<p>&nbsp;<\/p>\nSeuraa:  <span class=\"synved-social-container synved-social-container-follow\"><a class=\"synved-social-button synved-social-button-follow synved-social-size-24 synved-social-resolution-single synved-social-provider-facebook nolightbox\" data-provider=\"facebook\" target=\"_blank\" rel=\"nofollow\" title=\"Seuraa Facebookissa\" href=\"https:\/\/www.facebook.com\/653561754697779\" style=\"font-size: 0px;width:24px;height:24px;margin:0;margin-bottom:5px;margin-right:5px\"><img decoding=\"async\" alt=\"Facebook\" title=\"Seuraa Facebookissa\" class=\"synved-share-image synved-social-image synved-social-image-follow\" width=\"24\" height=\"24\" style=\"display: inline;width:24px;height:24px;margin: 0;padding: 0;border: none;box-shadow: none\" src=\"https:\/\/mindmaster.fi\/wp\/wp-content\/plugins\/social-media-feather\/synved-social\/image\/social\/regular\/48x48\/facebook.png\" \/><\/a><a class=\"synved-social-button synved-social-button-follow synved-social-size-24 synved-social-resolution-single synved-social-provider-twitter nolightbox\" data-provider=\"twitter\" target=\"_blank\" rel=\"nofollow\" title=\"Seuraa Twitteriss\u00e4\" href=\"https:\/\/twitter.com\/milabostrom\" style=\"font-size: 0px;width:24px;height:24px;margin:0;margin-bottom:5px;margin-right:5px\"><img loading=\"lazy\" decoding=\"async\" alt=\"twitter\" title=\"Seuraa Twitteriss\u00e4\" class=\"synved-share-image synved-social-image synved-social-image-follow\" width=\"24\" height=\"24\" style=\"display: inline;width:24px;height:24px;margin: 0;padding: 0;border: none;box-shadow: none\" src=\"https:\/\/mindmaster.fi\/wp\/wp-content\/plugins\/social-media-feather\/synved-social\/image\/social\/regular\/48x48\/twitter.png\" \/><\/a><a class=\"synved-social-button synved-social-button-follow synved-social-size-24 synved-social-resolution-single synved-social-provider-linkedin nolightbox\" data-provider=\"linkedin\" target=\"_blank\" rel=\"nofollow\" title=\"Seuraa LinkedIn\" href=\"http:\/\/linkedin.com\/in\/mila-bostrom-a371262\" style=\"font-size: 0px;width:24px;height:24px;margin:0;margin-bottom:5px;margin-right:5px\"><img loading=\"lazy\" decoding=\"async\" alt=\"linkedin\" title=\"Seuraa LinkedIn\" class=\"synved-share-image synved-social-image synved-social-image-follow\" width=\"24\" height=\"24\" style=\"display: inline;width:24px;height:24px;margin: 0;padding: 0;border: none;box-shadow: none\" src=\"https:\/\/mindmaster.fi\/wp\/wp-content\/plugins\/social-media-feather\/synved-social\/image\/social\/regular\/48x48\/linkedin.png\" \/><\/a><a class=\"synved-social-button synved-social-button-follow synved-social-size-24 synved-social-resolution-single synved-social-provider-youtube nolightbox\" data-provider=\"youtube\" target=\"_blank\" rel=\"nofollow\" title=\"Kanava YouTubessa\" href=\"https:\/\/www.youtube.com\/channel\/UC6NQk67xiZcfCKWf3OVxuyg\" style=\"font-size: 0px;width:24px;height:24px;margin:0;margin-bottom:5px;margin-right:5px\"><img loading=\"lazy\" decoding=\"async\" alt=\"youtube\" title=\"Kanava YouTubessa\" class=\"synved-share-image synved-social-image synved-social-image-follow\" width=\"24\" height=\"24\" style=\"display: inline;width:24px;height:24px;margin: 0;padding: 0;border: none;box-shadow: none\" src=\"https:\/\/mindmaster.fi\/wp\/wp-content\/plugins\/social-media-feather\/synved-social\/image\/social\/regular\/48x48\/youtube.png\" \/><\/a><a class=\"synved-social-button synved-social-button-follow synved-social-size-24 synved-social-resolution-single synved-social-provider-instagram nolightbox\" data-provider=\"instagram\" target=\"_blank\" rel=\"nofollow\" title=\"Seuraa Instagramissa\" href=\"http:\/\/instagram.com\/milabos\" style=\"font-size: 0px;width:24px;height:24px;margin:0;margin-bottom:5px\"><img loading=\"lazy\" decoding=\"async\" alt=\"instagram\" title=\"Seuraa Instagramissa\" class=\"synved-share-image synved-social-image synved-social-image-follow\" width=\"24\" height=\"24\" style=\"display: inline;width:24px;height:24px;margin: 0;padding: 0;border: none;box-shadow: none\" src=\"https:\/\/mindmaster.fi\/wp\/wp-content\/plugins\/social-media-feather\/synved-social\/image\/social\/regular\/48x48\/instagram.png\" \/><\/a><\/span><br\/>Jaa:  <span class=\"synved-social-container synved-social-container-share\"><a class=\"synved-social-button synved-social-button-share synved-social-size-24 synved-social-resolution-single synved-social-provider-facebook nolightbox\" data-provider=\"facebook\" target=\"_blank\" rel=\"nofollow\" title=\"Jaa Facebookissa\" href=\"https:\/\/www.facebook.com\/sharer.php?u=https%3A%2F%2Fmindmaster.fi%2Fen&#038;t=MindMaster%20%E2%80%93%20etusivu&#038;s=100&#038;p&#091;url&#093;=https%3A%2F%2Fmindmaster.fi%2Fen&#038;p&#091;images&#093;&#091;0&#093;=http%3A%2F%2Fmindmaster.fi%2Fwp%2Fwp-content%2Fuploads%2F2016%2F10%2FKohtiMin%C3%A4t%C3%B6nt%C3%A4MenoaKansi-225x300.jpg&#038;p&#091;title&#093;=MindMaster%20%E2%80%93%20etusivu\" style=\"font-size: 0px;width:24px;height:24px;margin:0;margin-bottom:5px;margin-right:5px\"><img loading=\"lazy\" decoding=\"async\" alt=\"Facebook\" title=\"Jaa Facebookissa\" class=\"synved-share-image synved-social-image synved-social-image-share\" width=\"24\" height=\"24\" style=\"display: inline;width:24px;height:24px;margin: 0;padding: 0;border: none;box-shadow: none\" src=\"https:\/\/mindmaster.fi\/wp\/wp-content\/plugins\/social-media-feather\/synved-social\/image\/social\/regular\/48x48\/facebook.png\" \/><\/a><a class=\"synved-social-button synved-social-button-share synved-social-size-24 synved-social-resolution-single synved-social-provider-twitter nolightbox\" data-provider=\"twitter\" target=\"_blank\" rel=\"nofollow\" title=\"Share on Twitter\" href=\"https:\/\/twitter.com\/intent\/tweet?url=https%3A%2F%2Fmindmaster.fi%2Fen&#038;text=MindMaster%20jakaa\" style=\"font-size: 0px;width:24px;height:24px;margin:0;margin-bottom:5px;margin-right:5px\"><img loading=\"lazy\" decoding=\"async\" alt=\"twitter\" title=\"Share on Twitter\" class=\"synved-share-image synved-social-image synved-social-image-share\" width=\"24\" height=\"24\" style=\"display: inline;width:24px;height:24px;margin: 0;padding: 0;border: none;box-shadow: none\" src=\"https:\/\/mindmaster.fi\/wp\/wp-content\/plugins\/social-media-feather\/synved-social\/image\/social\/regular\/48x48\/twitter.png\" \/><\/a><a class=\"synved-social-button synved-social-button-share synved-social-size-24 synved-social-resolution-single synved-social-provider-linkedin nolightbox\" data-provider=\"linkedin\" target=\"_blank\" rel=\"nofollow\" title=\"Jaa LinkedIn\" href=\"https:\/\/www.linkedin.com\/shareArticle?mini=true&#038;url=https%3A%2F%2Fmindmaster.fi%2Fen&#038;title=MindMaster%20%E2%80%93%20etusivu\" style=\"font-size: 0px;width:24px;height:24px;margin:0;margin-bottom:5px;margin-right:5px\"><img loading=\"lazy\" decoding=\"async\" alt=\"linkedin\" title=\"Jaa LinkedIn\" class=\"synved-share-image synved-social-image synved-social-image-share\" width=\"24\" height=\"24\" style=\"display: inline;width:24px;height:24px;margin: 0;padding: 0;border: none;box-shadow: none\" src=\"https:\/\/mindmaster.fi\/wp\/wp-content\/plugins\/social-media-feather\/synved-social\/image\/social\/regular\/48x48\/linkedin.png\" \/><\/a><a class=\"synved-social-button synved-social-button-share synved-social-size-24 synved-social-resolution-single synved-social-provider-mail nolightbox\" data-provider=\"mail\" rel=\"nofollow\" title=\"Jaa s\u00e4hk\u00f6postitse\" href=\"mailto:?subject=MindMaster%20%E2%80%93%20etusivu&#038;body=MindMaster%20jakaa:%20https%3A%2F%2Fmindmaster.fi%2Fen\" style=\"font-size: 0px;width:24px;height:24px;margin:0;margin-bottom:5px\"><img loading=\"lazy\" decoding=\"async\" alt=\"mail\" title=\"Jaa s\u00e4hk\u00f6postitse\" class=\"synved-share-image synved-social-image synved-social-image-share\" width=\"24\" height=\"24\" style=\"display: inline;width:24px;height:24px;margin: 0;padding: 0;border: none;box-shadow: none\" src=\"https:\/\/mindmaster.fi\/wp\/wp-content\/plugins\/social-media-feather\/synved-social\/image\/social\/regular\/48x48\/mail.png\" \/><\/a><\/span>","protected":false},"excerpt":{"rendered":"<p>Huomenta ihmisyys K\u00e4sitys todellisuudestamme pohjautuu p\u00e4\u00e4osin ajatteluun, johon uskomme tarkistamatta sen todellisuuspohjaa. El\u00e4mme ajattelun tuottamien tarinoiden varassa ilman erottelukyky\u00e4. Muutos n\u00e4k\u00f6kulmassa muuttaa tietoisuuttamme. Kun tietoisuutemme muuttuu, muuttuu koko tapamme havaita kokemaamme todellisuutta. Yh\u00e4 useampi etsii t\u00e4ll\u00e4 hetkell\u00e4 keinoja ep\u00e4tyydytt\u00e4v\u00e4n el\u00e4m\u00e4nkokemisensa korjaamiseksi. Ihmiset voivat huonosti, ovat uupuneita, masentuneita, loppuun palaneita, tylsistyneit\u00e4, \u2026 <a class=\"continue-reading-link\" href=\"https:\/\/mindmaster.fi\/en\/mindmaster\/\">Lue lis\u00e4\u00e4&#8230; <span class=\"meta-nav\">&rarr; <\/span><\/a><\/p>\n","protected":false},"author":1,"featured_media":0,"parent":0,"menu_order":0,"comment_status":"closed","ping_status":"closed","template":"","meta":{"spay_email":"","footnotes":""},"categories":[31],"tags":[],"class_list":["post-2","page","type-page","status-publish","hentry","category-mindmaster"],"_links":{"self":[{"href":"https:\/\/mindmaster.fi\/en\/wp-json\/wp\/v2\/pages\/2","targetHints":{"allow":["GET"]}}],"collection":[{"href":"https:\/\/mindmaster.fi\/en\/wp-json\/wp\/v2\/pages"}],"about":[{"href":"https:\/\/mindmaster.fi\/en\/wp-json\/wp\/v2\/types\/page"}],"author":[{"embeddable":true,"href":"https:\/\/mindmaster.fi\/en\/wp-json\/wp\/v2\/users\/1"}],"replies":[{"embeddable":true,"href":"https:\/\/mindmaster.fi\/en\/wp-json\/wp\/v2\/comments?post=2"}],"version-history":[{"count":73,"href":"https:\/\/mindmaster.fi\/en\/wp-json\/wp\/v2\/pages\/2\/revisions"}],"predecessor-version":[{"id":909,"href":"https:\/\/mindmaster.fi\/en\/wp-json\/wp\/v2\/pages\/2\/revisions\/909"}],"wp:attachment":[{"href":"https:\/\/mindmaster.fi\/en\/wp-json\/wp\/v2\/media?parent=2"}],"wp:term":[{"taxonomy":"category","embeddable":true,"href":"https:\/\/mindmaster.fi\/en\/wp-json\/wp\/v2\/categories?post=2"},{"taxonomy":"post_tag","embeddable":true,"href":"https:\/\/mindmaster.fi\/en\/wp-json\/wp\/v2\/tags?post=2"}],"curies":[{"name":"wp","href":"https:\/\/api.w.org\/{rel}","templated":true}]}}