{"id":190,"date":"2015-12-08T02:15:59","date_gmt":"2015-12-08T00:15:59","guid":{"rendered":"http:\/\/mindmaster.fi\/?page_id=190"},"modified":"2018-01-14T17:44:26","modified_gmt":"2018-01-14T15:44:26","slug":"muuta-ja-musaa","status":"publish","type":"page","link":"https:\/\/mindmaster.fi\/en\/muuta-ja-musaa\/","title":{"rendered":"Videot\/Musa"},"content":{"rendered":"<p>MindMasterin oma YouTube kanava sis\u00e4lt\u00e4\u00e4 videop\u00e4tki\u00e4 mielen toiminnan aihepiireist\u00e4.<br \/>\nTutustu my\u00f6s niihin: <a href=\"https:\/\/www.youtube.com\/channel\/UC6NQk67xiZcfCKWf3OVxuyg\" target=\"_blank\" rel=\"noopener noreferrer\">https:\/\/www.youtube.com\/channel\/UC6NQk67xiZcfCKWf3OVxuyg<\/a><\/p>\n<p>______________________________<\/p>\n<p>V\u00e4llill\u00e4 syntyy runoja ja yhdest\u00e4 englanninkielisest\u00e4\u00a0syntyi Samu Laihon k\u00e4siss\u00e4 my\u00f6s biisi. The Journey.<br \/>\nT\u00e4m\u00e4 on viel\u00e4 demoversio, mutta toimii jo loistavasti. Samu l\u00f6ysi juuri oikean tunnelman t\u00e4lle runolle.<br \/>\nSamun sivustoon kannattaa tutustua muutenkin.<\/p>\n<p><a href=\"http:\/\/samulaiho.com\/journey\" target=\"_blank\" rel=\"noopener noreferrer\">http:\/\/samulaiho.com\/journey<\/a>\/<br \/>\nJa YouTubesta: <a href=\"https:\/\/youtu.be\/lG4K8tETIRs\" target=\"_blank\" rel=\"noopener noreferrer\">https:\/\/youtu.be\/lG4K8tETIRs<\/a><\/p>\n<p>T\u00e4ss\u00e4 demo \u00e4\u00e4nitys kappaleesta nimelt\u00e4 I am your child.<br \/>\n<a href=\"https:\/\/youtu.be\/LPwLmJUVYUg\" target=\"_blank\" rel=\"noopener noreferrer\">https:\/\/youtu.be\/LPwLmJUVYUg<\/a><\/p>\n<p>_______________________________<\/p>\n<p>Viisas El\u00e4m\u00e4 Oy (<a href=\"http:\/\/viisaselama.fi\" target=\"_blank\" rel=\"noopener noreferrer\">viisaselama.fi<\/a>)<br \/>\nKatso alta<a href=\"https:\/\/www.youtube.com\/watch?v=PPEJagvLCJE\" target=\"_blank\" rel=\"noopener noreferrer\">YouTubesta<\/a> 22.2.2016 klubi-illan anti videona.<br \/>\n<a href=\"https:\/\/www.youtube.com\/watch?v=PPEJagvLCJE\" target=\"_blank\" rel=\"noopener noreferrer\"><img decoding=\"async\" class=\"alignnone wp-image-319 size-medium\" src=\"http:\/\/mindmaster.fi\/wp\/wp-content\/uploads\/2015\/10\/IMG_6322-e1486552335898-300x157.jpg\" width=\"300\" height=\"157\" srcset=\"https:\/\/mindmaster.fi\/wp\/wp-content\/uploads\/2015\/10\/IMG_6322-e1486552335898-300x157.jpg 300w, https:\/\/mindmaster.fi\/wp\/wp-content\/uploads\/2015\/10\/IMG_6322-e1486552335898-250x130.jpg 250w, https:\/\/mindmaster.fi\/wp\/wp-content\/uploads\/2015\/10\/IMG_6322-e1486552335898-150x78.jpg 150w, https:\/\/mindmaster.fi\/wp\/wp-content\/uploads\/2015\/10\/IMG_6322-e1486552335898.jpg 600w\" sizes=\"(max-width: 300px) 100vw, 300px\" \/><\/a><br \/>\nKuvaus: Timo Turunen. Viisas El\u00e4m\u00e4 Oy<br \/>\nKlikkaa <a href=\"https:\/\/www.youtube.com\/watch?v=PPEJagvLCJE\" target=\"_blank\" rel=\"noopener noreferrer\">YouTube videoon<\/a>.<\/p>\nSeuraa:  <span class=\"synved-social-container synved-social-container-follow\"><a class=\"synved-social-button synved-social-button-follow synved-social-size-24 synved-social-resolution-single synved-social-provider-facebook nolightbox\" data-provider=\"facebook\" target=\"_blank\" rel=\"nofollow\" title=\"Seuraa Facebookissa\" href=\"https:\/\/www.facebook.com\/653561754697779\" style=\"font-size: 0px;width:24px;height:24px;margin:0;margin-bottom:5px;margin-right:5px\"><img decoding=\"async\" alt=\"Facebook\" title=\"Seuraa Facebookissa\" class=\"synved-share-image synved-social-image synved-social-image-follow\" width=\"24\" height=\"24\" style=\"display: inline;width:24px;height:24px;margin: 0;padding: 0;border: none;box-shadow: none\" src=\"https:\/\/mindmaster.fi\/wp\/wp-content\/plugins\/social-media-feather\/synved-social\/image\/social\/regular\/48x48\/facebook.png\" \/><\/a><a class=\"synved-social-button synved-social-button-follow synved-social-size-24 synved-social-resolution-single synved-social-provider-twitter nolightbox\" data-provider=\"twitter\" target=\"_blank\" rel=\"nofollow\" title=\"Seuraa Twitteriss\u00e4\" href=\"https:\/\/twitter.com\/milabostrom\" style=\"font-size: 0px;width:24px;height:24px;margin:0;margin-bottom:5px;margin-right:5px\"><img decoding=\"async\" alt=\"twitter\" title=\"Seuraa Twitteriss\u00e4\" class=\"synved-share-image synved-social-image synved-social-image-follow\" width=\"24\" height=\"24\" style=\"display: inline;width:24px;height:24px;margin: 0;padding: 0;border: none;box-shadow: none\" src=\"https:\/\/mindmaster.fi\/wp\/wp-content\/plugins\/social-media-feather\/synved-social\/image\/social\/regular\/48x48\/twitter.png\" \/><\/a><a class=\"synved-social-button synved-social-button-follow synved-social-size-24 synved-social-resolution-single synved-social-provider-linkedin nolightbox\" data-provider=\"linkedin\" target=\"_blank\" rel=\"nofollow\" title=\"Seuraa LinkedIn\" href=\"http:\/\/linkedin.com\/in\/mila-bostrom-a371262\" style=\"font-size: 0px;width:24px;height:24px;margin:0;margin-bottom:5px;margin-right:5px\"><img loading=\"lazy\" decoding=\"async\" alt=\"linkedin\" title=\"Seuraa LinkedIn\" class=\"synved-share-image synved-social-image synved-social-image-follow\" width=\"24\" height=\"24\" style=\"display: inline;width:24px;height:24px;margin: 0;padding: 0;border: none;box-shadow: none\" src=\"https:\/\/mindmaster.fi\/wp\/wp-content\/plugins\/social-media-feather\/synved-social\/image\/social\/regular\/48x48\/linkedin.png\" \/><\/a><a class=\"synved-social-button synved-social-button-follow synved-social-size-24 synved-social-resolution-single synved-social-provider-youtube nolightbox\" data-provider=\"youtube\" target=\"_blank\" rel=\"nofollow\" title=\"Kanava YouTubessa\" href=\"https:\/\/www.youtube.com\/channel\/UC6NQk67xiZcfCKWf3OVxuyg\" style=\"font-size: 0px;width:24px;height:24px;margin:0;margin-bottom:5px;margin-right:5px\"><img loading=\"lazy\" decoding=\"async\" alt=\"youtube\" title=\"Kanava YouTubessa\" class=\"synved-share-image synved-social-image synved-social-image-follow\" width=\"24\" height=\"24\" style=\"display: inline;width:24px;height:24px;margin: 0;padding: 0;border: none;box-shadow: none\" src=\"https:\/\/mindmaster.fi\/wp\/wp-content\/plugins\/social-media-feather\/synved-social\/image\/social\/regular\/48x48\/youtube.png\" \/><\/a><a class=\"synved-social-button synved-social-button-follow synved-social-size-24 synved-social-resolution-single synved-social-provider-instagram nolightbox\" data-provider=\"instagram\" target=\"_blank\" rel=\"nofollow\" title=\"Seuraa Instagramissa\" href=\"http:\/\/instagram.com\/milabos\" style=\"font-size: 0px;width:24px;height:24px;margin:0;margin-bottom:5px\"><img loading=\"lazy\" decoding=\"async\" alt=\"instagram\" title=\"Seuraa Instagramissa\" class=\"synved-share-image synved-social-image synved-social-image-follow\" width=\"24\" height=\"24\" style=\"display: inline;width:24px;height:24px;margin: 0;padding: 0;border: none;box-shadow: none\" src=\"https:\/\/mindmaster.fi\/wp\/wp-content\/plugins\/social-media-feather\/synved-social\/image\/social\/regular\/48x48\/instagram.png\" \/><\/a><\/span><br\/>Jaa:  <span class=\"synved-social-container synved-social-container-share\"><a class=\"synved-social-button synved-social-button-share synved-social-size-24 synved-social-resolution-single synved-social-provider-facebook nolightbox\" data-provider=\"facebook\" target=\"_blank\" rel=\"nofollow\" title=\"Jaa Facebookissa\" href=\"https:\/\/www.facebook.com\/sharer.php?u=https%3A%2F%2Fmindmaster.fi%2Fen&#038;t=Videot%2FMusa&#038;s=100&#038;p&#091;url&#093;=https%3A%2F%2Fmindmaster.fi%2Fen&#038;p&#091;images&#093;&#091;0&#093;=http%3A%2F%2Fmindmaster.fi%2Fwp%2Fwp-content%2Fuploads%2F2015%2F10%2FIMG_6322-e1486552335898-300x157.jpg&#038;p&#091;title&#093;=Videot%2FMusa\" style=\"font-size: 0px;width:24px;height:24px;margin:0;margin-bottom:5px;margin-right:5px\"><img loading=\"lazy\" decoding=\"async\" alt=\"Facebook\" title=\"Jaa Facebookissa\" class=\"synved-share-image synved-social-image synved-social-image-share\" width=\"24\" height=\"24\" style=\"display: inline;width:24px;height:24px;margin: 0;padding: 0;border: none;box-shadow: none\" src=\"https:\/\/mindmaster.fi\/wp\/wp-content\/plugins\/social-media-feather\/synved-social\/image\/social\/regular\/48x48\/facebook.png\" \/><\/a><a class=\"synved-social-button synved-social-button-share synved-social-size-24 synved-social-resolution-single synved-social-provider-twitter nolightbox\" data-provider=\"twitter\" target=\"_blank\" rel=\"nofollow\" title=\"Share on Twitter\" href=\"https:\/\/twitter.com\/intent\/tweet?url=https%3A%2F%2Fmindmaster.fi%2Fen&#038;text=MindMaster%20jakaa\" style=\"font-size: 0px;width:24px;height:24px;margin:0;margin-bottom:5px;margin-right:5px\"><img loading=\"lazy\" decoding=\"async\" alt=\"twitter\" title=\"Share on Twitter\" class=\"synved-share-image synved-social-image synved-social-image-share\" width=\"24\" height=\"24\" style=\"display: inline;width:24px;height:24px;margin: 0;padding: 0;border: none;box-shadow: none\" src=\"https:\/\/mindmaster.fi\/wp\/wp-content\/plugins\/social-media-feather\/synved-social\/image\/social\/regular\/48x48\/twitter.png\" \/><\/a><a class=\"synved-social-button synved-social-button-share synved-social-size-24 synved-social-resolution-single synved-social-provider-linkedin nolightbox\" data-provider=\"linkedin\" target=\"_blank\" rel=\"nofollow\" title=\"Jaa LinkedIn\" href=\"https:\/\/www.linkedin.com\/shareArticle?mini=true&#038;url=https%3A%2F%2Fmindmaster.fi%2Fen&#038;title=Videot%2FMusa\" style=\"font-size: 0px;width:24px;height:24px;margin:0;margin-bottom:5px;margin-right:5px\"><img loading=\"lazy\" decoding=\"async\" alt=\"linkedin\" title=\"Jaa LinkedIn\" class=\"synved-share-image synved-social-image synved-social-image-share\" width=\"24\" height=\"24\" style=\"display: inline;width:24px;height:24px;margin: 0;padding: 0;border: none;box-shadow: none\" src=\"https:\/\/mindmaster.fi\/wp\/wp-content\/plugins\/social-media-feather\/synved-social\/image\/social\/regular\/48x48\/linkedin.png\" \/><\/a><a class=\"synved-social-button synved-social-button-share synved-social-size-24 synved-social-resolution-single synved-social-provider-mail nolightbox\" data-provider=\"mail\" rel=\"nofollow\" title=\"Jaa s\u00e4hk\u00f6postitse\" href=\"mailto:?subject=Videot%2FMusa&#038;body=MindMaster%20jakaa:%20https%3A%2F%2Fmindmaster.fi%2Fen\" style=\"font-size: 0px;width:24px;height:24px;margin:0;margin-bottom:5px\"><img loading=\"lazy\" decoding=\"async\" alt=\"mail\" title=\"Jaa s\u00e4hk\u00f6postitse\" class=\"synved-share-image synved-social-image synved-social-image-share\" width=\"24\" height=\"24\" style=\"display: inline;width:24px;height:24px;margin: 0;padding: 0;border: none;box-shadow: none\" src=\"https:\/\/mindmaster.fi\/wp\/wp-content\/plugins\/social-media-feather\/synved-social\/image\/social\/regular\/48x48\/mail.png\" \/><\/a><\/span>","protected":false},"excerpt":{"rendered":"<p>MindMasterin oma YouTube kanava sis\u00e4lt\u00e4\u00e4 videop\u00e4tki\u00e4 mielen toiminnan aihepiireist\u00e4. Tutustu my\u00f6s niihin: https:\/\/www.youtube.com\/channel\/UC6NQk67xiZcfCKWf3OVxuyg ______________________________ V\u00e4llill\u00e4 syntyy runoja ja yhdest\u00e4 englanninkielisest\u00e4\u00a0syntyi Samu Laihon k\u00e4siss\u00e4 my\u00f6s biisi. The Journey. T\u00e4m\u00e4 on viel\u00e4 demoversio, mutta toimii jo loistavasti. Samu l\u00f6ysi juuri oikean tunnelman t\u00e4lle runolle. Samun sivustoon kannattaa tutustua muutenkin. http:\/\/samulaiho.com\/journey\/ Ja YouTubesta: \u2026 <a class=\"continue-reading-link\" href=\"https:\/\/mindmaster.fi\/en\/muuta-ja-musaa\/\">Lue lis\u00e4\u00e4&#8230; <span class=\"meta-nav\">&rarr; <\/span><\/a><\/p>\n","protected":false},"author":1,"featured_media":0,"parent":0,"menu_order":0,"comment_status":"closed","ping_status":"closed","template":"","meta":{"spay_email":"","footnotes":""},"categories":[31],"tags":[],"class_list":["post-190","page","type-page","status-publish","hentry","category-mindmaster"],"_links":{"self":[{"href":"https:\/\/mindmaster.fi\/en\/wp-json\/wp\/v2\/pages\/190","targetHints":{"allow":["GET"]}}],"collection":[{"href":"https:\/\/mindmaster.fi\/en\/wp-json\/wp\/v2\/pages"}],"about":[{"href":"https:\/\/mindmaster.fi\/en\/wp-json\/wp\/v2\/types\/page"}],"author":[{"embeddable":true,"href":"https:\/\/mindmaster.fi\/en\/wp-json\/wp\/v2\/users\/1"}],"replies":[{"embeddable":true,"href":"https:\/\/mindmaster.fi\/en\/wp-json\/wp\/v2\/comments?post=190"}],"version-history":[{"count":11,"href":"https:\/\/mindmaster.fi\/en\/wp-json\/wp\/v2\/pages\/190\/revisions"}],"predecessor-version":[{"id":628,"href":"https:\/\/mindmaster.fi\/en\/wp-json\/wp\/v2\/pages\/190\/revisions\/628"}],"wp:attachment":[{"href":"https:\/\/mindmaster.fi\/en\/wp-json\/wp\/v2\/media?parent=190"}],"wp:term":[{"taxonomy":"category","embeddable":true,"href":"https:\/\/mindmaster.fi\/en\/wp-json\/wp\/v2\/categories?post=190"},{"taxonomy":"post_tag","embeddable":true,"href":"https:\/\/mindmaster.fi\/en\/wp-json\/wp\/v2\/tags?post=190"}],"curies":[{"name":"wp","href":"https:\/\/api.w.org\/{rel}","templated":true}]}}